{"id":2385,"date":"2015-02-17T16:54:47","date_gmt":"2015-02-17T15:54:47","guid":{"rendered":"http:\/\/flautadepico.consev.es\/contact\/"},"modified":"2015-02-17T16:54:47","modified_gmt":"2015-02-17T15:54:47","slug":"contact","status":"publish","type":"page","link":"https:\/\/flautadepico.consev.es\/en\/contact\/","title":{"rendered":"Contact"},"content":{"rendered":"<p><iframe loading=\"lazy\" width=\"700\" height=\"394\" frameborder=\"0\" scrolling=\"no\" marginheight=\"0\" marginwidth=\"0\" src=\"https:\/\/maps.google.es\/maps?client=safari&amp;q=calle+ba%C3%B1os+48+sevilla&amp;oe=UTF-8&amp;ie=UTF8&amp;hl=es&amp;hq=&amp;hnear=Calle+Ba%C3%B1os,+48,+41002+Sevilla&amp;t=m&amp;layer=c&amp;cbll=37.395487,-6.000253&amp;panoid=63Y_7oplWm3ZkHYY9qCiwg&amp;cbp=13,324.8,,0,4.81&amp;source=embed&amp;ll=37.387771,-6.000252&amp;spn=0.026869,0.060081&amp;z=14&amp;output=svembed\"><\/iframe><\/p>\n<p>Contact us by twitter (<a href=\"https:\/\/twitter.com\/fpconsev\" title=\"Follow us on twitter\">@fpconsev<\/a>) or email (<a href=\"mailto:flautadepico@consev.es\" title=\"email: flautadepico@consev.es\">flautadepico@consev.es<\/a>). You can also leave a message below.<\/p>\n<h2>Postal address:<\/h2>\n<p><a href=\"https:\/\/i0.wp.com\/consev.es\/wp-content\/uploads\/2010\/02\/IMG_5351.jpg\"><img data-recalc-dims=\"1\" loading=\"lazy\" decoding=\"async\" src=\"https:\/\/i0.wp.com\/consev.es\/wp-content\/uploads\/2010\/02\/IMG_5351-300x200.jpg?resize=300%2C200\" alt=\"\" title=\"Conservatorio Superior de M\u00fasica \u201cManuel Castillo\u201d de Sevilla\" width=\"300\" height=\"200\" class=\"alignleft size-medium wp-image-542\" \/><\/a><\/p>\n<h4><a href=\"http:\/\/consev.es\" title=\"Conservatorio Superior de M\u00fasica Manuel Castillo de Sevilla (CSMS - website)\">Conservatorio Superior de M\u00fasica Manuel Castillo de Sevilla (CSMS)<\/a><\/h4>\n<address><span style=\"font-weight: normal;\">C\/Ba\u00f1os, 48<br \/>\nE-41002 Sevilla<br \/>\nTel. [+34] 677903762<br \/>\nFax [+34] 954374373<br \/>\n<\/span><\/address>\n\n<div class=\"twitter-share\"><a href=\"https:\/\/twitter.com\/intent\/tweet?via=fpconsev\" class=\"twitter-share-button\">Tweet<\/a><\/div>\n","protected":false},"excerpt":{"rendered":"<p>Contact us by twitter (@fpconsev) or email (flautadepico@consev.es). You can also leave a message below. Postal address: Conservatorio Superior de M\u00fasica Manuel Castillo de Sevilla (CSMS) C\/Ba\u00f1os, 48 E-41002 Sevilla Tel. [+34] 677903762 Fax [+34] 954374373<\/p>\n","protected":false},"author":13,"featured_media":4132,"parent":0,"menu_order":4,"comment_status":"closed","ping_status":"open","template":"","meta":{"jetpack_post_was_ever_published":false,"footnotes":""},"class_list":["post-2385","page","type-page","status-publish","has-post-thumbnail","hentry"],"jetpack_sharing_enabled":true,"jetpack_shortlink":"https:\/\/wp.me\/P21e89-Ct","jetpack-related-posts":[{"id":2387,"url":"https:\/\/flautadepico.consev.es\/en\/tweets\/","url_meta":{"origin":2385,"position":0},"title":"Tweets","author":"Vicente Parrilla","date":"17 de February de 2015","format":false,"excerpt":"Tweets by fpconsev","rel":"","context":"Similar post","block_context":{"text":"Similar post","link":""},"img":{"alt_text":"","src":"","width":0,"height":0},"classes":[]},{"id":8,"url":"https:\/\/flautadepico.consev.es\/contacto\/","url_meta":{"origin":2385,"position":1},"title":"Contacto","author":"Vicente Parrilla","date":"28 de September de 2011","format":false,"excerpt":"Puedes contactar con nosotros a trav\u00e9s del correo electr\u00f3nico flautadepico@consev.es. Direcci\u00f3n postal: Conservatorio Superior de M\u00fasica \u00abManuel Castillo\u00bb de Sevilla C\/Ba\u00f1os, 48 E-41002 Sevilla Tel. [+34] 954915630 Fax [+34] 954374373","rel":"","context":"With 2 comments","block_context":{"text":"With 2 comments","link":"https:\/\/flautadepico.consev.es\/contacto\/#comments"},"img":{"alt_text":"","src":"https:\/\/i0.wp.com\/flautadepico.consev.es\/wp-content\/uploads\/2012\/05\/trio-vox-tremula-2.jpg?fit=1000%2C288&ssl=1&resize=350%2C200","width":350,"height":200,"srcset":"https:\/\/i0.wp.com\/flautadepico.consev.es\/wp-content\/uploads\/2012\/05\/trio-vox-tremula-2.jpg?fit=1000%2C288&ssl=1&resize=350%2C200 1x, https:\/\/i0.wp.com\/flautadepico.consev.es\/wp-content\/uploads\/2012\/05\/trio-vox-tremula-2.jpg?fit=1000%2C288&ssl=1&resize=525%2C300 1.5x, https:\/\/i0.wp.com\/flautadepico.consev.es\/wp-content\/uploads\/2012\/05\/trio-vox-tremula-2.jpg?fit=1000%2C288&ssl=1&resize=700%2C400 2x"},"classes":[]},{"id":1796,"url":"https:\/\/flautadepico.consev.es\/blog\/","url_meta":{"origin":2385,"position":2},"title":"Blog","author":"Vicente Parrilla","date":"24 de June de 2014","format":false,"excerpt":"","rel":"","context":"Similar post","block_context":{"text":"Similar post","link":""},"img":{"alt_text":"","src":"","width":0,"height":0},"classes":[]},{"id":2417,"url":"https:\/\/flautadepico.consev.es\/en\/blog\/","url_meta":{"origin":2385,"position":3},"title":"Blog","author":"Vicente Parrilla","date":"18 de February de 2015","format":false,"excerpt":"","rel":"","context":"Similar post","block_context":{"text":"Similar post","link":""},"img":{"alt_text":"","src":"","width":0,"height":0},"classes":[]},{"id":3020,"url":"https:\/\/flautadepico.consev.es\/sin-acceso\/","url_meta":{"origin":2385,"position":4},"title":"Sin acceso","author":"Vicente Parrilla","date":"28 de October de 2016","format":false,"excerpt":"","rel":"","context":"Similar post","block_context":{"text":"Similar post","link":""},"img":{"alt_text":"","src":"","width":0,"height":0},"classes":[]},{"id":15,"url":"https:\/\/flautadepico.consev.es\/calendario\/","url_meta":{"origin":2385,"position":5},"title":"Calendario","author":"Vicente Parrilla","date":"28 de September de 2011","format":false,"excerpt":"Audiciones y actividades de la clase de flauta de pico del Conservatorio Superior de M\u00fasica de Sevilla.","rel":"","context":"Similar post","block_context":{"text":"Similar post","link":""},"img":{"alt_text":"","src":"https:\/\/i0.wp.com\/flautadepico.consev.es\/wp-content\/uploads\/2011\/09\/04-header-basset-5396.jpg?fit=1000%2C288&ssl=1&resize=350%2C200","width":350,"height":200,"srcset":"https:\/\/i0.wp.com\/flautadepico.consev.es\/wp-content\/uploads\/2011\/09\/04-header-basset-5396.jpg?fit=1000%2C288&ssl=1&resize=350%2C200 1x, https:\/\/i0.wp.com\/flautadepico.consev.es\/wp-content\/uploads\/2011\/09\/04-header-basset-5396.jpg?fit=1000%2C288&ssl=1&resize=525%2C300 1.5x, https:\/\/i0.wp.com\/flautadepico.consev.es\/wp-content\/uploads\/2011\/09\/04-header-basset-5396.jpg?fit=1000%2C288&ssl=1&resize=700%2C400 2x"},"classes":[]}],"_links":{"self":[{"href":"https:\/\/flautadepico.consev.es\/en\/wp-json\/wp\/v2\/pages\/2385","targetHints":{"allow":["GET"]}}],"collection":[{"href":"https:\/\/flautadepico.consev.es\/en\/wp-json\/wp\/v2\/pages"}],"about":[{"href":"https:\/\/flautadepico.consev.es\/en\/wp-json\/wp\/v2\/types\/page"}],"author":[{"embeddable":true,"href":"https:\/\/flautadepico.consev.es\/en\/wp-json\/wp\/v2\/users\/13"}],"replies":[{"embeddable":true,"href":"https:\/\/flautadepico.consev.es\/en\/wp-json\/wp\/v2\/comments?post=2385"}],"version-history":[{"count":0,"href":"https:\/\/flautadepico.consev.es\/en\/wp-json\/wp\/v2\/pages\/2385\/revisions"}],"wp:featuredmedia":[{"embeddable":true,"href":"https:\/\/flautadepico.consev.es\/en\/wp-json\/wp\/v2\/media\/4132"}],"wp:attachment":[{"href":"https:\/\/flautadepico.consev.es\/en\/wp-json\/wp\/v2\/media?parent=2385"}],"curies":[{"name":"wp","href":"https:\/\/api.w.org\/{rel}","templated":true}]}}