{"id":2387,"date":"2015-02-17T16:57:41","date_gmt":"2015-02-17T15:57:41","guid":{"rendered":"http:\/\/flautadepico.consev.es\/tweets-2\/"},"modified":"2016-10-20T09:55:46","modified_gmt":"2016-10-20T07:55:46","slug":"tweets","status":"publish","type":"page","link":"https:\/\/flautadepico.consev.es\/en\/tweets\/","title":{"rendered":"Tweets"},"content":{"rendered":"<p><a class=\"twitter-timeline\" href=\"https:\/\/twitter.com\/fpconsev\">Tweets by fpconsev<\/a> <script async src=\"\/\/platform.twitter.com\/widgets.js\" charset=\"utf-8\"><\/script><\/p>\n\n<div class=\"twitter-share\"><a href=\"https:\/\/twitter.com\/intent\/tweet?via=fpconsev\" class=\"twitter-share-button\">Tweet<\/a><\/div>\n","protected":false},"excerpt":{"rendered":"<p>Tweets by fpconsev<\/p>\n","protected":false},"author":13,"featured_media":0,"parent":0,"menu_order":0,"comment_status":"closed","ping_status":"open","template":"","meta":{"jetpack_post_was_ever_published":false,"footnotes":""},"class_list":["post-2387","page","type-page","status-publish","hentry"],"jetpack_sharing_enabled":true,"jetpack_shortlink":"https:\/\/wp.me\/P21e89-Cv","jetpack-related-posts":[{"id":2385,"url":"https:\/\/flautadepico.consev.es\/en\/contact\/","url_meta":{"origin":2387,"position":0},"title":"Contact","author":"Vicente Parrilla","date":"17 de February de 2015","format":false,"excerpt":"Contact us by twitter (@fpconsev) or email (flautadepico@consev.es). You can also leave a message below. Postal address: Conservatorio Superior de M\u00fasica Manuel Castillo de Sevilla (CSMS) C\/Ba\u00f1os, 48 E-41002 Sevilla Tel. [+34] 677903762 Fax [+34] 954374373","rel":"","context":"Similar post","block_context":{"text":"Similar post","link":""},"img":{"alt_text":"","src":"https:\/\/i0.wp.com\/flautadepico.consev.es\/wp-content\/uploads\/2012\/05\/trio-vox-tremula-2.jpg?fit=1000%2C288&ssl=1&resize=350%2C200","width":350,"height":200,"srcset":"https:\/\/i0.wp.com\/flautadepico.consev.es\/wp-content\/uploads\/2012\/05\/trio-vox-tremula-2.jpg?fit=1000%2C288&ssl=1&resize=350%2C200 1x, https:\/\/i0.wp.com\/flautadepico.consev.es\/wp-content\/uploads\/2012\/05\/trio-vox-tremula-2.jpg?fit=1000%2C288&ssl=1&resize=525%2C300 1.5x, https:\/\/i0.wp.com\/flautadepico.consev.es\/wp-content\/uploads\/2012\/05\/trio-vox-tremula-2.jpg?fit=1000%2C288&ssl=1&resize=700%2C400 2x"},"classes":[]},{"id":2391,"url":"https:\/\/flautadepico.consev.es\/en\/schedule\/","url_meta":{"origin":2387,"position":1},"title":"Schedule","author":"Vicente Parrilla","date":"18 de February de 2015","format":false,"excerpt":"Academic course 2018-2019 schedule and planning details of the Superior Conservatory of Music in Sevilla\u2019s recorder class. 1. Program Students must elaborate a recital program including the list of works to be performed during the academic course, according to the subject\u2019s established criteria and requisites as specified on the recorder\u2026","rel":"","context":"Similar post","block_context":{"text":"Similar post","link":""},"img":{"alt_text":"","src":"https:\/\/i0.wp.com\/flautadepico.consev.es\/wp-content\/uploads\/2016\/04\/clase-flauta-de-pico-Sevilla-concert-banner.jpg?fit=1000%2C288&ssl=1&resize=350%2C200","width":350,"height":200,"srcset":"https:\/\/i0.wp.com\/flautadepico.consev.es\/wp-content\/uploads\/2016\/04\/clase-flauta-de-pico-Sevilla-concert-banner.jpg?fit=1000%2C288&ssl=1&resize=350%2C200 1x, https:\/\/i0.wp.com\/flautadepico.consev.es\/wp-content\/uploads\/2016\/04\/clase-flauta-de-pico-Sevilla-concert-banner.jpg?fit=1000%2C288&ssl=1&resize=525%2C300 1.5x, https:\/\/i0.wp.com\/flautadepico.consev.es\/wp-content\/uploads\/2016\/04\/clase-flauta-de-pico-Sevilla-concert-banner.jpg?fit=1000%2C288&ssl=1&resize=700%2C400 2x"},"classes":[]},{"id":2418,"url":"https:\/\/flautadepico.consev.es\/en\/bibliography\/","url_meta":{"origin":2387,"position":2},"title":"Bibliography","author":"Vicente Parrilla","date":"26 de November de 2011","format":false,"excerpt":"A SHORT BIBLIOGRAPHY ON THE RECORDER Bibliography Repertory Modern monographs General overviews Books on specific periods Performance Ornamentation Recorder care & maintenance Treatises Technique Makers Recorder magazines Internet B. A short bibliography on historical improvisation Modern literature. Books: Articles Online articles 1. Most comprehensive (and annotated) bibliography on the recorder:\u2026","rel":"","context":"Similar post","block_context":{"text":"Similar post","link":""},"img":{"alt_text":"Algunos libros de Lasocki sobre la flauta de pico","src":"https:\/\/i0.wp.com\/flautadepico.consev.es\/wp-content\/uploads\/2014\/05\/Some-Lasocki-books-on-the-recorder.jpg?fit=1200%2C900&ssl=1&resize=350%2C200","width":350,"height":200,"srcset":"https:\/\/i0.wp.com\/flautadepico.consev.es\/wp-content\/uploads\/2014\/05\/Some-Lasocki-books-on-the-recorder.jpg?fit=1200%2C900&ssl=1&resize=350%2C200 1x, https:\/\/i0.wp.com\/flautadepico.consev.es\/wp-content\/uploads\/2014\/05\/Some-Lasocki-books-on-the-recorder.jpg?fit=1200%2C900&ssl=1&resize=525%2C300 1.5x, https:\/\/i0.wp.com\/flautadepico.consev.es\/wp-content\/uploads\/2014\/05\/Some-Lasocki-books-on-the-recorder.jpg?fit=1200%2C900&ssl=1&resize=700%2C400 2x, https:\/\/i0.wp.com\/flautadepico.consev.es\/wp-content\/uploads\/2014\/05\/Some-Lasocki-books-on-the-recorder.jpg?fit=1200%2C900&ssl=1&resize=1050%2C600 3x"},"classes":[]},{"id":99,"url":"https:\/\/flautadepico.consev.es\/bibliografia\/","url_meta":{"origin":2387,"position":3},"title":"Bibliograf\u00eda","author":"Vicente Parrilla","date":"26 de November de 2011","format":false,"excerpt":"A. Bibliograf\u00eda b\u00e1sica sobre la flauta de pico Bibliograf\u00eda Repertorio Monogr\u00e1ficos modernos Generales Especializados por \u00e9pocas Interpretaci\u00f3n Ornamentaci\u00f3n Mantenimiento de la flauta Tratados antiguos T\u00e9cnica Constructores Revistas Internet B. Bibliograf\u00eda b\u00e1sica sobre improvisaci\u00f3n hist\u00f3rica Monogr\u00e1ficos modernos. Libros Art\u00edculos Art\u00edculos en l\u00ednea 1. Bibliograf\u00eda (casi) completa y comentada: Griscom, R. &\u2026","rel":"","context":"Similar post","block_context":{"text":"Similar post","link":""},"img":{"alt_text":"Algunos libros de Lasocki sobre la flauta de pico","src":"https:\/\/i0.wp.com\/flautadepico.consev.es\/wp-content\/uploads\/2014\/05\/Some-Lasocki-books-on-the-recorder.jpg?fit=1200%2C900&ssl=1&resize=350%2C200","width":350,"height":200,"srcset":"https:\/\/i0.wp.com\/flautadepico.consev.es\/wp-content\/uploads\/2014\/05\/Some-Lasocki-books-on-the-recorder.jpg?fit=1200%2C900&ssl=1&resize=350%2C200 1x, https:\/\/i0.wp.com\/flautadepico.consev.es\/wp-content\/uploads\/2014\/05\/Some-Lasocki-books-on-the-recorder.jpg?fit=1200%2C900&ssl=1&resize=525%2C300 1.5x, https:\/\/i0.wp.com\/flautadepico.consev.es\/wp-content\/uploads\/2014\/05\/Some-Lasocki-books-on-the-recorder.jpg?fit=1200%2C900&ssl=1&resize=700%2C400 2x, https:\/\/i0.wp.com\/flautadepico.consev.es\/wp-content\/uploads\/2014\/05\/Some-Lasocki-books-on-the-recorder.jpg?fit=1200%2C900&ssl=1&resize=1050%2C600 3x"},"classes":[]}],"_links":{"self":[{"href":"https:\/\/flautadepico.consev.es\/en\/wp-json\/wp\/v2\/pages\/2387","targetHints":{"allow":["GET"]}}],"collection":[{"href":"https:\/\/flautadepico.consev.es\/en\/wp-json\/wp\/v2\/pages"}],"about":[{"href":"https:\/\/flautadepico.consev.es\/en\/wp-json\/wp\/v2\/types\/page"}],"author":[{"embeddable":true,"href":"https:\/\/flautadepico.consev.es\/en\/wp-json\/wp\/v2\/users\/13"}],"replies":[{"embeddable":true,"href":"https:\/\/flautadepico.consev.es\/en\/wp-json\/wp\/v2\/comments?post=2387"}],"version-history":[{"count":0,"href":"https:\/\/flautadepico.consev.es\/en\/wp-json\/wp\/v2\/pages\/2387\/revisions"}],"wp:attachment":[{"href":"https:\/\/flautadepico.consev.es\/en\/wp-json\/wp\/v2\/media?parent=2387"}],"curies":[{"name":"wp","href":"https:\/\/api.w.org\/{rel}","templated":true}]}}