{"id":2388,"date":"2015-02-17T17:03:36","date_gmt":"2015-02-17T16:03:36","guid":{"rendered":"http:\/\/flautadepico.consev.es\/downloads\/"},"modified":"2015-02-17T17:03:36","modified_gmt":"2015-02-17T16:03:36","slug":"downloads","status":"publish","type":"page","link":"https:\/\/flautadepico.consev.es\/en\/downloads\/","title":{"rendered":"Downloads"},"content":{"rendered":"<h2>1. Recorder class official program<\/h2>\n<h5>\n<ul>\n<li><a  data-e-Disable-Page-Transition=\"true\" class=\"download-link\" title=\"\" href=\"https:\/\/flautadepico.consev.es\/en\/download\/3793\/?tmstv=1777138318\" rel=\"nofollow\" id=\"download-link-3793\" data-redirect=\"false\" >\n\tProgramaci\u00f3n de la asignatura de flauta de pico (pdf)\t(145 downloads\t)\n<\/a>\n <ins>(\u00a1New!)<\/ins><\/li>\n<\/ul>\n<\/h5>\n<h2>2. Monthly student concert programs \u2014 academic course 2014-2015<\/h2>\n<h5>\n<ol>\n<li><a  data-e-Disable-Page-Transition=\"true\" class=\"download-link\" title=\"\" href=\"https:\/\/flautadepico.consev.es\/en\/download\/3881\/?tmstv=1777138318\" rel=\"nofollow\" id=\"download-link-3881\" data-redirect=\"false\" >\n\tPrograma de la audici\u00f3n de flauta de pico de octubre de 2014\t(706 downloads\t)\n<\/a>\n<\/li>\n<li><a  data-e-Disable-Page-Transition=\"true\" class=\"download-link\" title=\"\" href=\"https:\/\/flautadepico.consev.es\/en\/download\/3883\/?tmstv=1777138318\" rel=\"nofollow\" id=\"download-link-3883\" data-redirect=\"false\" >\n\tPrograma de la audici\u00f3n de flauta de pico de noviembre de 2014\t(813 downloads\t)\n<\/a>\n\n     <\/li>\n<li><a  data-e-Disable-Page-Transition=\"true\" class=\"download-link\" title=\"\" href=\"https:\/\/flautadepico.consev.es\/en\/download\/3885\/?tmstv=1777138318\" rel=\"nofollow\" id=\"download-link-3885\" data-redirect=\"false\" >\n\tPrograma de la audici\u00f3n de flauta de pico de diciembre de 2014\t(673 downloads\t)\n<\/a>\n\n     <\/li>\n<li><a  data-e-Disable-Page-Transition=\"true\" class=\"download-link\" title=\"\" href=\"https:\/\/flautadepico.consev.es\/en\/download\/3889\/?tmstv=1777138318\" rel=\"nofollow\" id=\"download-link-3889\" data-redirect=\"false\" >\n\tPrograma de la audici\u00f3n de flauta de pico de febrero 2015\t(656 downloads\t)\n<\/a>\n <ins>(\u00a1New!)<\/ins><\/li>\n<\/ol>\n<\/h5>\n<h2>3. Music scores<\/h2>\n<h5>\n<ul>\n<li><a  data-e-Disable-Page-Transition=\"true\" class=\"download-link\" title=\"\" href=\"https:\/\/flautadepico.consev.es\/en\/download\/3801\/?tmstv=1777138318\" rel=\"nofollow\" id=\"download-link-3801\" data-redirect=\"false\" >\n\tEscala diat\u00f3nica por intervalos\t(895 downloads\t)\n<\/a>\n<\/li>\n<li><a  data-e-Disable-Page-Transition=\"true\" class=\"download-link\" title=\"\" href=\"https:\/\/flautadepico.consev.es\/en\/download\/3821\/?tmstv=1777138318\" rel=\"nofollow\" id=\"download-link-3821\" data-redirect=\"false\" >\n\tModelo de examen de t\u00e9cnica\t(939 downloads\t)\n<\/a>\n<\/li>\n<li><a  data-e-Disable-Page-Transition=\"true\" class=\"download-link\" title=\"\" href=\"https:\/\/flautadepico.consev.es\/en\/download\/3869\/?tmstv=1777138318\" rel=\"nofollow\" id=\"download-link-3869\" data-redirect=\"false\" >\n\tMorkin ic hebbe - Matthaeus Pipelare - facs\u00edmil\t(736 downloads\t)\n<\/a>\n<\/li>\n<li><a  data-e-Disable-Page-Transition=\"true\" class=\"download-link\" title=\"\" href=\"https:\/\/flautadepico.consev.es\/en\/download\/3871\/?tmstv=1777138318\" rel=\"nofollow\" id=\"download-link-3871\" data-redirect=\"false\" >\n\tMorkin ic hebbe - Matthaeus Pipelare - transcripci\u00f3n\t(761 downloads\t)\n<\/a>\n<\/li>\n<li><a  data-e-Disable-Page-Transition=\"true\" class=\"download-link\" title=\"\" href=\"https:\/\/flautadepico.consev.es\/en\/download\/3873\/?tmstv=1777138318\" rel=\"nofollow\" id=\"download-link-3873\" data-redirect=\"false\" >\n\tRomerico tu que vienes - Juan de la Encina - facs\u00edmil\t(697 downloads\t)\n<\/a>\n<\/li>\n<li><a  data-e-Disable-Page-Transition=\"true\" class=\"download-link\" title=\"\" href=\"https:\/\/flautadepico.consev.es\/en\/download\/3875\/?tmstv=1777138318\" rel=\"nofollow\" id=\"download-link-3875\" data-redirect=\"false\" >\n\tRomerico tu que vienes - Juan de la Encina - transcripci\u00f3n\t(792 downloads\t)\n<\/a>\n<\/li>\n<li><a  data-e-Disable-Page-Transition=\"true\" class=\"download-link\" title=\"\" href=\"https:\/\/flautadepico.consev.es\/en\/download\/3877\/?tmstv=1777138318\" rel=\"nofollow\" id=\"download-link-3877\" data-redirect=\"false\" >\n\tAve rex noster - Alonso de Mondejar - facs\u00edmil\t(617 downloads\t)\n<\/a>\n<\/li>\n<li><a  data-e-Disable-Page-Transition=\"true\" class=\"download-link\" title=\"\" href=\"https:\/\/flautadepico.consev.es\/en\/download\/3879\/?tmstv=1777138318\" rel=\"nofollow\" id=\"download-link-3879\" data-redirect=\"false\" >\n\tAve rex noster - Alonso de Mondejar - transcripci\u00f3n\t(726 downloads\t)\n<\/a>\n<\/li>\n<li><a  data-e-Disable-Page-Transition=\"true\" class=\"download-link\" title=\"\" href=\"https:\/\/flautadepico.consev.es\/en\/download\/3887\/?tmstv=1777138318\" rel=\"nofollow\" id=\"download-link-3887\" data-redirect=\"false\" >\n\tLibros, revistas y partituras de flauta de pico en la biblioteca del CSMS\t(973 downloads\t)\n<\/a>\n <ins>(\u00a1New!)<\/ins><\/li>\n<\/ul>\n<\/h5>\n<p>&nbsp;<\/p>\n<hr \/>\n<h1>Monthly student concert programs from last years:<\/h1>\n<p><\/p>\n<h2>4. Monthly student concert programs \u2014 academic course 2013-2014<\/h2>\n<h5>\n<ol>\n<li><a  data-e-Disable-Page-Transition=\"true\" class=\"download-link\" title=\"\" href=\"https:\/\/flautadepico.consev.es\/en\/download\/3843\/?tmstv=1777138318\" rel=\"nofollow\" id=\"download-link-3843\" data-redirect=\"false\" >\n\tPrograma de la audici\u00f3n de flauta de pico de octubre de 2013\t(936 downloads\t)\n<\/a>\n<\/li>\n<li><a  data-e-Disable-Page-Transition=\"true\" class=\"download-link\" title=\"\" href=\"https:\/\/flautadepico.consev.es\/en\/download\/3845\/?tmstv=1777138318\" rel=\"nofollow\" id=\"download-link-3845\" data-redirect=\"false\" >\n\tPrograma de la audici\u00f3n de flauta de pico de noviembre de 2013\t(708 downloads\t)\n<\/a>\n<\/li>\n<li><a  data-e-Disable-Page-Transition=\"true\" class=\"download-link\" title=\"\" href=\"https:\/\/flautadepico.consev.es\/en\/download\/3847\/?tmstv=1777138318\" rel=\"nofollow\" id=\"download-link-3847\" data-redirect=\"false\" >\n\tPrograma de la audici\u00f3n de flauta de pico de diciembre 2013\t(871 downloads\t)\n<\/a>\n<\/li>\n<li><a  data-e-Disable-Page-Transition=\"true\" class=\"download-link\" title=\"\" href=\"https:\/\/flautadepico.consev.es\/en\/download\/3849\/?tmstv=1777138318\" rel=\"nofollow\" id=\"download-link-3849\" data-redirect=\"false\" >\n\tPrograma de la audici\u00f3n de flauta de pico de enero de 2014\t(964 downloads\t)\n<\/a>\n<\/li>\n<li><a  data-e-Disable-Page-Transition=\"true\" class=\"download-link\" title=\"\" href=\"https:\/\/flautadepico.consev.es\/en\/download\/3851\/?tmstv=1777138318\" rel=\"nofollow\" id=\"download-link-3851\" data-redirect=\"false\" >\n\tPrograma de la audici\u00f3n de flauta de pico de febrero de 2014\t(827 downloads\t)\n<\/a>\n<\/li>\n<li><a  data-e-Disable-Page-Transition=\"true\" class=\"download-link\" title=\"\" href=\"https:\/\/flautadepico.consev.es\/en\/download\/3853\/?tmstv=1777138318\" rel=\"nofollow\" id=\"download-link-3853\" data-redirect=\"false\" >\n\tPrograma de la audici\u00f3n de flauta de pico de marzo de 2014\t(759 downloads\t)\n<\/a>\n<\/li>\n<li><a  data-e-Disable-Page-Transition=\"true\" class=\"download-link\" title=\"\" href=\"https:\/\/flautadepico.consev.es\/en\/download\/3855\/?tmstv=1777138318\" rel=\"nofollow\" id=\"download-link-3855\" data-redirect=\"false\" >\n\tPrograma de la audici\u00f3n de flauta de pico de abril de 2014\t(711 downloads\t)\n<\/a>\n<\/li>\n<li><a  data-e-Disable-Page-Transition=\"true\" class=\"download-link\" title=\"\" href=\"https:\/\/flautadepico.consev.es\/en\/download\/3857\/?tmstv=1777138318\" rel=\"nofollow\" id=\"download-link-3857\" data-redirect=\"false\" >\n\tPrograma de la audici\u00f3n final de Sara Becerra (4\u00ba curso)\t(802 downloads\t)\n<\/a>\n<\/li>\n<li><a  data-e-Disable-Page-Transition=\"true\" class=\"download-link\" title=\"\" href=\"https:\/\/flautadepico.consev.es\/en\/download\/3859\/?tmstv=1777138318\" rel=\"nofollow\" id=\"download-link-3859\" data-redirect=\"false\" >\n\tPrograma de la audici\u00f3n final de Marta Barrag\u00e1n (3er curso)\t(384 downloads\t)\n<\/a>\n<\/li>\n<li><a  data-e-Disable-Page-Transition=\"true\" class=\"download-link\" title=\"\" href=\"https:\/\/flautadepico.consev.es\/en\/download\/3861\/?tmstv=1777138318\" rel=\"nofollow\" id=\"download-link-3861\" data-redirect=\"false\" >\n\tPrograma de la audici\u00f3n final de Alba Berdiel (1er curso)\t(413 downloads\t)\n<\/a>\n<\/li>\n<li><a  data-e-Disable-Page-Transition=\"true\" class=\"download-link\" title=\"\" href=\"https:\/\/flautadepico.consev.es\/en\/download\/3865\/?tmstv=1777138318\" rel=\"nofollow\" id=\"download-link-3865\" data-redirect=\"false\" >\n\tPrograma de la audici\u00f3n final de Milena Cord-to-Krax (3er curso)\t(495 downloads\t)\n<\/a>\n<\/li>\n<li><a  data-e-Disable-Page-Transition=\"true\" class=\"download-link\" title=\"\" href=\"https:\/\/flautadepico.consev.es\/en\/download\/3863\/?tmstv=1777138318\" rel=\"nofollow\" id=\"download-link-3863\" data-redirect=\"false\" >\n\tPrograma de la audici\u00f3n final de Gonzalo Llao (1er curso)\t(389 downloads\t)\n<\/a>\n<\/li>\n<li><a  data-e-Disable-Page-Transition=\"true\" class=\"download-link\" title=\"\" href=\"https:\/\/flautadepico.consev.es\/en\/download\/3867\/?tmstv=1777138318\" rel=\"nofollow\" id=\"download-link-3867\" data-redirect=\"false\" >\n\tPrograma de la audici\u00f3n final de In\u00e9s Pina (2\u00ba curso)\t(430 downloads\t)\n<\/a>\n<\/li>\n<\/ol>\n<\/h5>\n<h2>5. Monthly student concert programs \u2014 academic course 2012-2013<\/h2>\n<h5>\n<ol>\n<li><a  data-e-Disable-Page-Transition=\"true\" class=\"download-link\" title=\"\" href=\"https:\/\/flautadepico.consev.es\/en\/download\/3817\/?tmstv=1777138318\" rel=\"nofollow\" id=\"download-link-3817\" data-redirect=\"false\" >\n\tPrograma de la audici\u00f3n de flauta de pico de octubre 2012 (pdf)\t(607 downloads\t)\n<\/a>\n<\/li>\n<li><a  data-e-Disable-Page-Transition=\"true\" class=\"download-link\" title=\"\" href=\"https:\/\/flautadepico.consev.es\/en\/download\/3819\/?tmstv=1777138318\" rel=\"nofollow\" id=\"download-link-3819\" data-redirect=\"false\" >\n\tPrograma de la audici\u00f3n de flauta de pico de noviembre 2012 (pdf)\t(555 downloads\t)\n<\/a>\n<\/li>\n<li><a  data-e-Disable-Page-Transition=\"true\" class=\"download-link\" title=\"\" href=\"https:\/\/flautadepico.consev.es\/en\/download\/3823\/?tmstv=1777138318\" rel=\"nofollow\" id=\"download-link-3823\" data-redirect=\"false\" >\n\tPrograma de la audici\u00f3n de flauta de pico de enero 2013 (pdf)\t(601 downloads\t)\n<\/a>\n<\/li>\n<li><a  data-e-Disable-Page-Transition=\"true\" class=\"download-link\" title=\"\" href=\"https:\/\/flautadepico.consev.es\/en\/download\/3825\/?tmstv=1777138318\" rel=\"nofollow\" id=\"download-link-3825\" data-redirect=\"false\" >\n\tPrograma de la audici\u00f3n de flauta de pico de febrero de 2013 (pdf)\t(889 downloads\t)\n<\/a>\n<\/li>\n<li><a  data-e-Disable-Page-Transition=\"true\" class=\"download-link\" title=\"\" href=\"https:\/\/flautadepico.consev.es\/en\/download\/3827\/?tmstv=1777138318\" rel=\"nofollow\" id=\"download-link-3827\" data-redirect=\"false\" >\n\tPrograma de la audici\u00f3n de flauta de pico de marzo de 2013 (pdf)\t(801 downloads\t)\n<\/a>\n<\/li>\n<li><a  data-e-Disable-Page-Transition=\"true\" class=\"download-link\" title=\"\" href=\"https:\/\/flautadepico.consev.es\/en\/download\/3829\/?tmstv=1777138318\" rel=\"nofollow\" id=\"download-link-3829\" data-redirect=\"false\" >\n\tPrograma de la audici\u00f3n de flauta de pico de abril de 2013 (pdf)\t(864 downloads\t)\n<\/a>\n<\/li>\n<li><a  data-e-Disable-Page-Transition=\"true\" class=\"download-link\" title=\"\" href=\"https:\/\/flautadepico.consev.es\/en\/download\/3831\/?tmstv=1777138318\" rel=\"nofollow\" id=\"download-link-3831\" data-redirect=\"false\" >\n\tPrograma de la audici\u00f3n fin de curso de Marta Barrag\u00e1n\t(459 downloads\t)\n<\/a>\n<\/li>\n<li><a  data-e-Disable-Page-Transition=\"true\" class=\"download-link\" title=\"\" href=\"https:\/\/flautadepico.consev.es\/en\/download\/3833\/?tmstv=1777138318\" rel=\"nofollow\" id=\"download-link-3833\" data-redirect=\"false\" >\n\tPrograma de la audici\u00f3n fin de curso de F\u00e9odora Diakoff\t(496 downloads\t)\n<\/a>\n<\/li>\n<li><a  data-e-Disable-Page-Transition=\"true\" class=\"download-link\" title=\"\" href=\"https:\/\/flautadepico.consev.es\/en\/download\/3835\/?tmstv=1777138318\" rel=\"nofollow\" id=\"download-link-3835\" data-redirect=\"false\" >\n\tPrograma de la audici\u00f3n fin de curso de Guillermo S\u00e1ez G\u00f3mez\t(505 downloads\t)\n<\/a>\n<\/li>\n<li><a  data-e-Disable-Page-Transition=\"true\" class=\"download-link\" title=\"\" href=\"https:\/\/flautadepico.consev.es\/en\/download\/3837\/?tmstv=1777138318\" rel=\"nofollow\" id=\"download-link-3837\" data-redirect=\"false\" >\n\tPrograma de la audici\u00f3n fin de curso de Juan Vicente Joya\t(453 downloads\t)\n<\/a>\n<\/li>\n<li><a  data-e-Disable-Page-Transition=\"true\" class=\"download-link\" title=\"\" href=\"https:\/\/flautadepico.consev.es\/en\/download\/3839\/?tmstv=1777138318\" rel=\"nofollow\" id=\"download-link-3839\" data-redirect=\"false\" >\n\tPrograma de la audici\u00f3n fin de curso de Sara Becerra\t(449 downloads\t)\n<\/a>\n<\/li>\n<li><a  data-e-Disable-Page-Transition=\"true\" class=\"download-link\" title=\"\" href=\"https:\/\/flautadepico.consev.es\/en\/download\/3841\/?tmstv=1777138318\" rel=\"nofollow\" id=\"download-link-3841\" data-redirect=\"false\" >\n\tPrograma de la audici\u00f3n fin de curso de Milena Cord-to-Krax\t(508 downloads\t)\n<\/a>\n<\/li>\n<\/ol>\n<\/h5>\n<h2>6. Monthly student concert programs \u2014 academic course 2011-2012<\/h2>\n<h5>\n<ol>\n<li><a  data-e-Disable-Page-Transition=\"true\" class=\"download-link\" title=\"\" href=\"https:\/\/flautadepico.consev.es\/en\/download\/3795\/?tmstv=1777138318\" rel=\"nofollow\" id=\"download-link-3795\" data-redirect=\"false\" >\n\tPrograma de la audici\u00f3n de flauta de pico de noviembre 2011 (pdf)\t(2486 downloads\t)\n<\/a>\n<\/li>\n<li><a  data-e-Disable-Page-Transition=\"true\" class=\"download-link\" title=\"\" href=\"https:\/\/flautadepico.consev.es\/en\/download\/3797\/?tmstv=1777138318\" rel=\"nofollow\" id=\"download-link-3797\" data-redirect=\"false\" >\n\tPrograma de la audici\u00f3n de flauta de pico de diciembre 2011 (pdf)\t(2984 downloads\t)\n<\/a>\n<\/li>\n<li><a  data-e-Disable-Page-Transition=\"true\" class=\"download-link\" title=\"\" href=\"https:\/\/flautadepico.consev.es\/en\/download\/3799\/?tmstv=1777138318\" rel=\"nofollow\" id=\"download-link-3799\" data-redirect=\"false\" >\n\tPrograma de la audici\u00f3n de flauta de pico de febrero 2012 (pdf)\t(3272 downloads\t)\n<\/a>\n<\/li>\n<li><a  data-e-Disable-Page-Transition=\"true\" class=\"download-link\" title=\"\" href=\"https:\/\/flautadepico.consev.es\/en\/download\/3803\/?tmstv=1777138318\" rel=\"nofollow\" id=\"download-link-3803\" data-redirect=\"false\" >\n\tPrograma de la audici\u00f3n de flauta de pico de marzo 2012 (pdf)\t(584 downloads\t)\n<\/a>\n<\/li>\n<li><a  data-e-Disable-Page-Transition=\"true\" class=\"download-link\" title=\"\" href=\"https:\/\/flautadepico.consev.es\/en\/download\/3805\/?tmstv=1777138318\" rel=\"nofollow\" id=\"download-link-3805\" data-redirect=\"false\" >\n\tPrograma de la audici\u00f3n de flauta de pico de abril de 2012\t(596 downloads\t)\n<\/a>\n<\/li>\n<li><a  data-e-Disable-Page-Transition=\"true\" class=\"download-link\" title=\"\" href=\"https:\/\/flautadepico.consev.es\/en\/download\/3807\/?tmstv=1777138318\" rel=\"nofollow\" id=\"download-link-3807\" data-redirect=\"false\" >\n\tPrograma de la audici\u00f3n de flauta de pico de mayo de 2012\t(541 downloads\t)\n<\/a>\n<\/li>\n<li><a  data-e-Disable-Page-Transition=\"true\" class=\"download-link\" title=\"\" href=\"https:\/\/flautadepico.consev.es\/en\/download\/3809\/?tmstv=1777138318\" rel=\"nofollow\" id=\"download-link-3809\" data-redirect=\"false\" >\n\tPrograma de la audici\u00f3n final de Elena Escart\u00edn (4\u00ba curso)\t(624 downloads\t)\n<\/a>\n<\/li>\n<li><a  data-e-Disable-Page-Transition=\"true\" class=\"download-link\" title=\"\" href=\"https:\/\/flautadepico.consev.es\/en\/download\/3811\/?tmstv=1777138318\" rel=\"nofollow\" id=\"download-link-3811\" data-redirect=\"false\" >\n\tPrograma de la audici\u00f3n fin de curso de Marta Barrag\u00e1n\t(598 downloads\t)\n<\/a>\n<\/li>\n<li><a  data-e-Disable-Page-Transition=\"true\" class=\"download-link\" title=\"\" href=\"https:\/\/flautadepico.consev.es\/en\/download\/3813\/?tmstv=1777138318\" rel=\"nofollow\" id=\"download-link-3813\" data-redirect=\"false\" >\n\tPrograma de la audici\u00f3n fin de curso de Milena Cord-to-Krax\t(705 downloads\t)\n<\/a>\n<\/li>\n<li><a  data-e-Disable-Page-Transition=\"true\" class=\"download-link\" title=\"\" href=\"https:\/\/flautadepico.consev.es\/en\/download\/3815\/?tmstv=1777138318\" rel=\"nofollow\" id=\"download-link-3815\" data-redirect=\"false\" >\n\tPrograma de la audici\u00f3n fin de curso de Sara Becerra\t(582 downloads\t)\n<\/a>\n<\/li>\n<\/ol>\n<\/h5>\n<h2>Total downloads: <ins>630733<\/ins><\/h2>\n\n<div class=\"twitter-share\"><a href=\"https:\/\/twitter.com\/intent\/tweet?via=fpconsev\" class=\"twitter-share-button\">Tweet<\/a><\/div>\n","protected":false},"excerpt":{"rendered":"<p>1. Recorder class official program (\u00a1New!) 2. Monthly student concert programs \u2014 academic course 2014-2015 (\u00a1New!) 3. Music scores (\u00a1New!) &nbsp; Monthly student concert programs from last years: 4. Monthly student concert programs \u2014 academic course 2013-2014 5. Monthly student &hellip; <a href=\"https:\/\/flautadepico.consev.es\/en\/downloads\/\">Continue reading <span class=\"meta-nav\">&rarr;<\/span><\/a><\/p>\n","protected":false},"author":13,"featured_media":4122,"parent":0,"menu_order":0,"comment_status":"closed","ping_status":"closed","template":"","meta":{"jetpack_post_was_ever_published":false,"footnotes":""},"class_list":["post-2388","page","type-page","status-publish","has-post-thumbnail","hentry"],"jetpack_sharing_enabled":true,"jetpack_shortlink":"https:\/\/wp.me\/P21e89-Cw","jetpack-related-posts":[{"id":2391,"url":"https:\/\/flautadepico.consev.es\/en\/schedule\/","url_meta":{"origin":2388,"position":0},"title":"Schedule","author":"Vicente Parrilla","date":"18 de February de 2015","format":false,"excerpt":"Academic course 2018-2019 schedule and planning details of the Superior Conservatory of Music in Sevilla\u2019s recorder class. 1. Program Students must elaborate a recital program including the list of works to be performed during the academic course, according to the subject\u2019s established criteria and requisites as specified on the recorder\u2026","rel":"","context":"Similar post","block_context":{"text":"Similar post","link":""},"img":{"alt_text":"","src":"https:\/\/i0.wp.com\/flautadepico.consev.es\/wp-content\/uploads\/2016\/04\/clase-flauta-de-pico-Sevilla-concert-banner.jpg?fit=1000%2C288&ssl=1&resize=350%2C200","width":350,"height":200,"srcset":"https:\/\/i0.wp.com\/flautadepico.consev.es\/wp-content\/uploads\/2016\/04\/clase-flauta-de-pico-Sevilla-concert-banner.jpg?fit=1000%2C288&ssl=1&resize=350%2C200 1x, https:\/\/i0.wp.com\/flautadepico.consev.es\/wp-content\/uploads\/2016\/04\/clase-flauta-de-pico-Sevilla-concert-banner.jpg?fit=1000%2C288&ssl=1&resize=525%2C300 1.5x, https:\/\/i0.wp.com\/flautadepico.consev.es\/wp-content\/uploads\/2016\/04\/clase-flauta-de-pico-Sevilla-concert-banner.jpg?fit=1000%2C288&ssl=1&resize=700%2C400 2x"},"classes":[]},{"id":2389,"url":"https:\/\/flautadepico.consev.es\/en\/consort\/","url_meta":{"origin":2388,"position":1},"title":"Consort","author":"Vicente Parrilla","date":"17 de February de 2015","format":false,"excerpt":"Note: this page is to be updated. 1. Suggested ensemble repertoire for the next recorder class concert taking place on March 3, 2012 (contemporary music): Joan Albert Amarg\u00f3s (*1950): Sonata de Primavera (1990) Frans Geysen (*1936): Installaties (1983) 2. Suggested repertoire for the next recorder class concert taking place on\u2026","rel":"","context":"Similar post","block_context":{"text":"Similar post","link":""},"img":{"alt_text":"Alejandra F. Sanz","src":"https:\/\/i0.wp.com\/flautadepico.consev.es\/wp-content\/uploads\/2012\/10\/Sevilla-recorder-class-consort.jpg?fit=1000%2C288&ssl=1&resize=350%2C200","width":350,"height":200,"srcset":"https:\/\/i0.wp.com\/flautadepico.consev.es\/wp-content\/uploads\/2012\/10\/Sevilla-recorder-class-consort.jpg?fit=1000%2C288&ssl=1&resize=350%2C200 1x, https:\/\/i0.wp.com\/flautadepico.consev.es\/wp-content\/uploads\/2012\/10\/Sevilla-recorder-class-consort.jpg?fit=1000%2C288&ssl=1&resize=525%2C300 1.5x, https:\/\/i0.wp.com\/flautadepico.consev.es\/wp-content\/uploads\/2012\/10\/Sevilla-recorder-class-consort.jpg?fit=1000%2C288&ssl=1&resize=700%2C400 2x"},"classes":[]},{"id":2541,"url":"https:\/\/flautadepico.consev.es\/planificacion\/planificacion-2014-15\/","url_meta":{"origin":2388,"position":2},"title":"Planificaci\u00f3n 2014-15","author":"Vicente Parrilla","date":"30 de September de 2015","format":false,"excerpt":"Nota: est\u00e1s consultando la planificaci\u00f3n del curso acad\u00e9mico 2014-15. Consulta la planificaci\u00f3n actualizada en este enlace. 1. Programa El alumnado de flauta de pico deber\u00e1 elaborar un programa con la relaci\u00f3n de las obras que se interpretar\u00e1n durante el curso, seg\u00fan los criterios y requisitos recogidos en la programaci\u00f3n de\u2026","rel":"","context":"Similar post","block_context":{"text":"Similar post","link":""},"img":{"alt_text":"","src":"","width":0,"height":0},"classes":[]},{"id":1656,"url":"https:\/\/flautadepico.consev.es\/planificacion\/planificacion-2013-14\/","url_meta":{"origin":2388,"position":3},"title":"Planificaci\u00f3n 2013-14","author":"Vicente Parrilla","date":"19 de June de 2014","format":false,"excerpt":"Nota: est\u00e1s consultando la planificaci\u00f3n del curso acad\u00e9mico 2013-14. Consulta la planificaci\u00f3n actualizada en este enlace. 1. Programa El alumnado de flauta de pico deber\u00e1 elaborar un programa con la relaci\u00f3n de las obras que se interpretar\u00e1n durante el curso, seg\u00fan los criterios y requisitos recogidos en la programaci\u00f3n de\u2026","rel":"","context":"Similar post","block_context":{"text":"Similar post","link":""},"img":{"alt_text":"","src":"","width":0,"height":0},"classes":[]},{"id":205,"url":"https:\/\/flautadepico.consev.es\/descargas\/","url_meta":{"origin":2388,"position":4},"title":"Descargas","author":"Vicente Parrilla","date":"28 de December de 2011","format":false,"excerpt":"1. Programaci\u00f3n de la asignatura de flauta de pico 2. Programas de las audiciones \u2014 curso 2018\u20132019 3. Partituras 4. Registro y normas de uso de las flautas de consort \u00a0 Programas de audiciones de cursos anteriores: 2. Programas de las audiciones \u2014 curso 2017\u20132018 4. Programas de las audiciones\u2026","rel":"","context":"Similar post","block_context":{"text":"Similar post","link":""},"img":{"alt_text":"","src":"https:\/\/i0.wp.com\/flautadepico.consev.es\/wp-content\/uploads\/2012\/01\/boxwood-Bassano-tenor-MET-bottom-DP234696.jpg?fit=1000%2C288&ssl=1&resize=350%2C200","width":350,"height":200,"srcset":"https:\/\/i0.wp.com\/flautadepico.consev.es\/wp-content\/uploads\/2012\/01\/boxwood-Bassano-tenor-MET-bottom-DP234696.jpg?fit=1000%2C288&ssl=1&resize=350%2C200 1x, https:\/\/i0.wp.com\/flautadepico.consev.es\/wp-content\/uploads\/2012\/01\/boxwood-Bassano-tenor-MET-bottom-DP234696.jpg?fit=1000%2C288&ssl=1&resize=525%2C300 1.5x, https:\/\/i0.wp.com\/flautadepico.consev.es\/wp-content\/uploads\/2012\/01\/boxwood-Bassano-tenor-MET-bottom-DP234696.jpg?fit=1000%2C288&ssl=1&resize=700%2C400 2x"},"classes":[]},{"id":2418,"url":"https:\/\/flautadepico.consev.es\/en\/bibliography\/","url_meta":{"origin":2388,"position":5},"title":"Bibliography","author":"Vicente Parrilla","date":"26 de November de 2011","format":false,"excerpt":"A SHORT BIBLIOGRAPHY ON THE RECORDER Bibliography Repertory Modern monographs General overviews Books on specific periods Performance Ornamentation Recorder care & maintenance Treatises Technique Makers Recorder magazines Internet B. A short bibliography on historical improvisation Modern literature. Books: Articles Online articles 1. Most comprehensive (and annotated) bibliography on the recorder:\u2026","rel":"","context":"Similar post","block_context":{"text":"Similar post","link":""},"img":{"alt_text":"Algunos libros de Lasocki sobre la flauta de pico","src":"https:\/\/i0.wp.com\/flautadepico.consev.es\/wp-content\/uploads\/2014\/05\/Some-Lasocki-books-on-the-recorder.jpg?fit=1200%2C900&ssl=1&resize=350%2C200","width":350,"height":200,"srcset":"https:\/\/i0.wp.com\/flautadepico.consev.es\/wp-content\/uploads\/2014\/05\/Some-Lasocki-books-on-the-recorder.jpg?fit=1200%2C900&ssl=1&resize=350%2C200 1x, https:\/\/i0.wp.com\/flautadepico.consev.es\/wp-content\/uploads\/2014\/05\/Some-Lasocki-books-on-the-recorder.jpg?fit=1200%2C900&ssl=1&resize=525%2C300 1.5x, https:\/\/i0.wp.com\/flautadepico.consev.es\/wp-content\/uploads\/2014\/05\/Some-Lasocki-books-on-the-recorder.jpg?fit=1200%2C900&ssl=1&resize=700%2C400 2x, https:\/\/i0.wp.com\/flautadepico.consev.es\/wp-content\/uploads\/2014\/05\/Some-Lasocki-books-on-the-recorder.jpg?fit=1200%2C900&ssl=1&resize=1050%2C600 3x"},"classes":[]}],"_links":{"self":[{"href":"https:\/\/flautadepico.consev.es\/en\/wp-json\/wp\/v2\/pages\/2388","targetHints":{"allow":["GET"]}}],"collection":[{"href":"https:\/\/flautadepico.consev.es\/en\/wp-json\/wp\/v2\/pages"}],"about":[{"href":"https:\/\/flautadepico.consev.es\/en\/wp-json\/wp\/v2\/types\/page"}],"author":[{"embeddable":true,"href":"https:\/\/flautadepico.consev.es\/en\/wp-json\/wp\/v2\/users\/13"}],"replies":[{"embeddable":true,"href":"https:\/\/flautadepico.consev.es\/en\/wp-json\/wp\/v2\/comments?post=2388"}],"version-history":[{"count":0,"href":"https:\/\/flautadepico.consev.es\/en\/wp-json\/wp\/v2\/pages\/2388\/revisions"}],"wp:featuredmedia":[{"embeddable":true,"href":"https:\/\/flautadepico.consev.es\/en\/wp-json\/wp\/v2\/media\/4122"}],"wp:attachment":[{"href":"https:\/\/flautadepico.consev.es\/en\/wp-json\/wp\/v2\/media?parent=2388"}],"curies":[{"name":"wp","href":"https:\/\/api.w.org\/{rel}","templated":true}]}}