{"id":2389,"date":"2015-02-17T17:05:44","date_gmt":"2015-02-17T16:05:44","guid":{"rendered":"http:\/\/flautadepico.consev.es\/consort-2\/"},"modified":"2022-12-04T16:25:27","modified_gmt":"2022-12-04T15:25:27","slug":"consort","status":"publish","type":"page","link":"https:\/\/flautadepico.consev.es\/en\/consort\/","title":{"rendered":"Consort"},"content":{"rendered":"<p><ins>Note<\/ins>: this page is to be updated.<\/p>\n<h2>1. Suggested ensemble repertoire for the next recorder class concert taking place on <abbr>March 3, 2012<\/abbr> (contemporary music):<\/h2>\n<ul>\n<li><strong>Joan Albert Amarg\u00f3s<\/strong> (*1950):   <em>Sonata de Primavera<\/em> (1990)<\/li>\n<li><strong>Frans Geysen<\/strong> (*1936): <em>Installaties<\/em> (1983)<\/li>\n<\/ul>\n<h2>2. Suggested repertoire for the next recorder class concert taking place on <abbr>March 23, 2012<\/abbr> (consort):<\/h2>\n<ul>\n<li><strong>Anon:<\/strong> <em>Kyrie<\/em> (ff. 115v &#8211; 116)<\/li>\n<li><strong>Thomas Preston<\/strong> (? &#8211; 1559): <em>O, Lux<\/em> (ff. 118v &#8211; 119)<\/li>\n<\/ul>\n<p>Source: ms. Baldwine R.M. 24 d 2, British Museum, Londres<\/p>\n<ul>\n<li><strong>Ferdinandus et frater eius<\/strong> (s. XV): <em>Cecus non iudicat de coloribus<\/em><\/li>\n<\/ul>\n<p>Source: Catedral de Segovia, ms. sin signatura, ff. 195v &#8211; 197<\/p>\n<ul>\n<li><strong>Alexander Agricola:<\/strong> <em>De tous biens playne<\/em><\/li>\n<\/ul>\n<p>Source: Basevi Ms. 2439, Florencia, ff. 66v &#8211; 67<\/p>\n<ul>\n<li><strong>Johannes Ghiselin<\/strong>: <em>O florens rosa<\/em><\/li>\n<\/ul>\n<p>Source: Motetti A. numero. trentatre, Venecia 1502, ff. 22v &#8211; 24<\/p>\n\n<div class=\"twitter-share\"><a href=\"https:\/\/twitter.com\/intent\/tweet?via=fpconsev\" class=\"twitter-share-button\">Tweet<\/a><\/div>\n","protected":false},"excerpt":{"rendered":"<p>Note: this page is to be updated. 1. Suggested ensemble repertoire for the next recorder class concert taking place on March 3, 2012 (contemporary music): Joan Albert Amarg\u00f3s (*1950): Sonata de Primavera (1990) Frans Geysen (*1936): Installaties (1983) 2. Suggested &hellip; <a href=\"https:\/\/flautadepico.consev.es\/en\/consort\/\">Continue reading <span class=\"meta-nav\">&rarr;<\/span><\/a><\/p>\n","protected":false},"author":13,"featured_media":2855,"parent":0,"menu_order":0,"comment_status":"closed","ping_status":"open","template":"","meta":{"jetpack_post_was_ever_published":false,"footnotes":""},"class_list":["post-2389","page","type-page","status-publish","has-post-thumbnail","hentry"],"jetpack_sharing_enabled":true,"jetpack_shortlink":"https:\/\/wp.me\/P21e89-Cx","jetpack-related-posts":[{"id":228,"url":"https:\/\/flautadepico.consev.es\/consort\/consort-2011-12\/","url_meta":{"origin":2389,"position":0},"title":"Consort 2011-2012","author":"Vicente Parrilla","date":"24 de January de 2012","format":false,"excerpt":"Nota: est\u00e1s consultando el repertorio de la clase de consort del curso acad\u00e9mico 2011-12. Consulta el repertorio del presente curso en este enlace. 1. Lista de obras propuestas para la audici\u00f3n de m\u00fasica contempor\u00e1nea de 2 de marzo de 2012: Joan Albert Amarg\u00f3s (*1950): Sonata de Primavera (1990) Frans Geysen\u2026","rel":"","context":"Similar post","block_context":{"text":"Similar post","link":""},"img":{"alt_text":"","src":"https:\/\/i0.wp.com\/flautadepico.consev.es\/wp-content\/uploads\/2012\/05\/trio-vox-tremula-2.jpg?fit=1000%2C288&ssl=1&resize=350%2C200","width":350,"height":200,"srcset":"https:\/\/i0.wp.com\/flautadepico.consev.es\/wp-content\/uploads\/2012\/05\/trio-vox-tremula-2.jpg?fit=1000%2C288&ssl=1&resize=350%2C200 1x, https:\/\/i0.wp.com\/flautadepico.consev.es\/wp-content\/uploads\/2012\/05\/trio-vox-tremula-2.jpg?fit=1000%2C288&ssl=1&resize=525%2C300 1.5x, https:\/\/i0.wp.com\/flautadepico.consev.es\/wp-content\/uploads\/2012\/05\/trio-vox-tremula-2.jpg?fit=1000%2C288&ssl=1&resize=700%2C400 2x"},"classes":[]},{"id":2391,"url":"https:\/\/flautadepico.consev.es\/en\/schedule\/","url_meta":{"origin":2389,"position":1},"title":"Schedule","author":"Vicente Parrilla","date":"18 de February de 2015","format":false,"excerpt":"Academic course 2018-2019 schedule and planning details of the Superior Conservatory of Music in Sevilla\u2019s recorder class. 1. Program Students must elaborate a recital program including the list of works to be performed during the academic course, according to the subject\u2019s established criteria and requisites as specified on the recorder\u2026","rel":"","context":"Similar post","block_context":{"text":"Similar post","link":""},"img":{"alt_text":"","src":"https:\/\/i0.wp.com\/flautadepico.consev.es\/wp-content\/uploads\/2016\/04\/clase-flauta-de-pico-Sevilla-concert-banner.jpg?fit=1000%2C288&ssl=1&resize=350%2C200","width":350,"height":200,"srcset":"https:\/\/i0.wp.com\/flautadepico.consev.es\/wp-content\/uploads\/2016\/04\/clase-flauta-de-pico-Sevilla-concert-banner.jpg?fit=1000%2C288&ssl=1&resize=350%2C200 1x, https:\/\/i0.wp.com\/flautadepico.consev.es\/wp-content\/uploads\/2016\/04\/clase-flauta-de-pico-Sevilla-concert-banner.jpg?fit=1000%2C288&ssl=1&resize=525%2C300 1.5x, https:\/\/i0.wp.com\/flautadepico.consev.es\/wp-content\/uploads\/2016\/04\/clase-flauta-de-pico-Sevilla-concert-banner.jpg?fit=1000%2C288&ssl=1&resize=700%2C400 2x"},"classes":[]},{"id":2388,"url":"https:\/\/flautadepico.consev.es\/en\/downloads\/","url_meta":{"origin":2389,"position":2},"title":"Downloads","author":"Vicente Parrilla","date":"17 de February de 2015","format":false,"excerpt":"1. Recorder class official program (\u00a1New!) 2. Monthly student concert programs \u2014 academic course 2014-2015 (\u00a1New!) 3. Music scores (\u00a1New!) \u00a0 Monthly student concert programs from last years: 4. Monthly student concert programs \u2014 academic course 2013-2014 5. Monthly student concert programs \u2014 academic course 2012-2013 6. Monthly student concert\u2026","rel":"","context":"Similar post","block_context":{"text":"Similar post","link":""},"img":{"alt_text":"","src":"https:\/\/i0.wp.com\/flautadepico.consev.es\/wp-content\/uploads\/2012\/01\/boxwood-Bassano-tenor-MET-bottom-DP234696.jpg?fit=1000%2C288&ssl=1&resize=350%2C200","width":350,"height":200,"srcset":"https:\/\/i0.wp.com\/flautadepico.consev.es\/wp-content\/uploads\/2012\/01\/boxwood-Bassano-tenor-MET-bottom-DP234696.jpg?fit=1000%2C288&ssl=1&resize=350%2C200 1x, https:\/\/i0.wp.com\/flautadepico.consev.es\/wp-content\/uploads\/2012\/01\/boxwood-Bassano-tenor-MET-bottom-DP234696.jpg?fit=1000%2C288&ssl=1&resize=525%2C300 1.5x, https:\/\/i0.wp.com\/flautadepico.consev.es\/wp-content\/uploads\/2012\/01\/boxwood-Bassano-tenor-MET-bottom-DP234696.jpg?fit=1000%2C288&ssl=1&resize=700%2C400 2x"},"classes":[]},{"id":1762,"url":"https:\/\/flautadepico.consev.es\/inicio\/","url_meta":{"origin":2389,"position":3},"title":"Clase de flauta de pico del Conservatorio Superior de Sevilla","author":"Vicente Parrilla","date":"24 de June de 2014","format":false,"excerpt":"Clase de flauta de pico del Conservatorio Superior de M\u00fasica Manuel Castillo de Sevilla (2004\u20132019) \u2014 Profesor: Vicente Parrilla Esta p\u00e1gina web documenta las actividades de la clase de flauta de pico del Conservatorio Superior de Sevilla entre los a\u00f1os 2011\u20132019. Con 7 audiciones tem\u00e1ticas a lo largo del curso\u2026","rel":"","context":"Similar post","block_context":{"text":"Similar post","link":""},"img":{"alt_text":"Sevilla recorder class 2016 banner","src":"https:\/\/i0.wp.com\/flautadepico.consev.es\/wp-content\/uploads\/2014\/06\/Sevilla-recorder-class-2016-banner.jpg?fit=1000%2C288&ssl=1&resize=350%2C200","width":350,"height":200,"srcset":"https:\/\/i0.wp.com\/flautadepico.consev.es\/wp-content\/uploads\/2014\/06\/Sevilla-recorder-class-2016-banner.jpg?fit=1000%2C288&ssl=1&resize=350%2C200 1x, https:\/\/i0.wp.com\/flautadepico.consev.es\/wp-content\/uploads\/2014\/06\/Sevilla-recorder-class-2016-banner.jpg?fit=1000%2C288&ssl=1&resize=525%2C300 1.5x, https:\/\/i0.wp.com\/flautadepico.consev.es\/wp-content\/uploads\/2014\/06\/Sevilla-recorder-class-2016-banner.jpg?fit=1000%2C288&ssl=1&resize=700%2C400 2x"},"classes":[]},{"id":1394,"url":"https:\/\/flautadepico.consev.es\/consort\/consort-2012-2013\/","url_meta":{"origin":2389,"position":4},"title":"Consort 2012-2013","author":"Vicente Parrilla","date":"17 de January de 2014","format":false,"excerpt":"Nota: est\u00e1s consultando el repertorio de la clase de consort del curso acad\u00e9mico 2011-12. Consulta el repertorio del presente curso en este enlace. Repertorio trabajado (grupo 1, martes): Fuente: Cancionero de Uppsala Estas noches atan largas (fol. 21) Fuente: Odhecaton A (Venecia, 1501) Adieu mes amours (Josquin, fol. 16v-17) J'ay\u2026","rel":"","context":"Similar post","block_context":{"text":"Similar post","link":""},"img":{"alt_text":"","src":"","width":0,"height":0},"classes":[]},{"id":2418,"url":"https:\/\/flautadepico.consev.es\/en\/bibliography\/","url_meta":{"origin":2389,"position":5},"title":"Bibliography","author":"Vicente Parrilla","date":"26 de November de 2011","format":false,"excerpt":"A SHORT BIBLIOGRAPHY ON THE RECORDER Bibliography Repertory Modern monographs General overviews Books on specific periods Performance Ornamentation Recorder care & maintenance Treatises Technique Makers Recorder magazines Internet B. A short bibliography on historical improvisation Modern literature. Books: Articles Online articles 1. Most comprehensive (and annotated) bibliography on the recorder:\u2026","rel":"","context":"Similar post","block_context":{"text":"Similar post","link":""},"img":{"alt_text":"Algunos libros de Lasocki sobre la flauta de pico","src":"https:\/\/i0.wp.com\/flautadepico.consev.es\/wp-content\/uploads\/2014\/05\/Some-Lasocki-books-on-the-recorder.jpg?fit=1200%2C900&ssl=1&resize=350%2C200","width":350,"height":200,"srcset":"https:\/\/i0.wp.com\/flautadepico.consev.es\/wp-content\/uploads\/2014\/05\/Some-Lasocki-books-on-the-recorder.jpg?fit=1200%2C900&ssl=1&resize=350%2C200 1x, https:\/\/i0.wp.com\/flautadepico.consev.es\/wp-content\/uploads\/2014\/05\/Some-Lasocki-books-on-the-recorder.jpg?fit=1200%2C900&ssl=1&resize=525%2C300 1.5x, https:\/\/i0.wp.com\/flautadepico.consev.es\/wp-content\/uploads\/2014\/05\/Some-Lasocki-books-on-the-recorder.jpg?fit=1200%2C900&ssl=1&resize=700%2C400 2x, https:\/\/i0.wp.com\/flautadepico.consev.es\/wp-content\/uploads\/2014\/05\/Some-Lasocki-books-on-the-recorder.jpg?fit=1200%2C900&ssl=1&resize=1050%2C600 3x"},"classes":[]}],"_links":{"self":[{"href":"https:\/\/flautadepico.consev.es\/en\/wp-json\/wp\/v2\/pages\/2389","targetHints":{"allow":["GET"]}}],"collection":[{"href":"https:\/\/flautadepico.consev.es\/en\/wp-json\/wp\/v2\/pages"}],"about":[{"href":"https:\/\/flautadepico.consev.es\/en\/wp-json\/wp\/v2\/types\/page"}],"author":[{"embeddable":true,"href":"https:\/\/flautadepico.consev.es\/en\/wp-json\/wp\/v2\/users\/13"}],"replies":[{"embeddable":true,"href":"https:\/\/flautadepico.consev.es\/en\/wp-json\/wp\/v2\/comments?post=2389"}],"version-history":[{"count":2,"href":"https:\/\/flautadepico.consev.es\/en\/wp-json\/wp\/v2\/pages\/2389\/revisions"}],"predecessor-version":[{"id":5020,"href":"https:\/\/flautadepico.consev.es\/en\/wp-json\/wp\/v2\/pages\/2389\/revisions\/5020"}],"wp:featuredmedia":[{"embeddable":true,"href":"https:\/\/flautadepico.consev.es\/en\/wp-json\/wp\/v2\/media\/2855"}],"wp:attachment":[{"href":"https:\/\/flautadepico.consev.es\/en\/wp-json\/wp\/v2\/media?parent=2389"}],"curies":[{"name":"wp","href":"https:\/\/api.w.org\/{rel}","templated":true}]}}