{"id":2390,"date":"2015-02-18T10:03:07","date_gmt":"2015-02-18T09:03:07","guid":{"rendered":"http:\/\/flautadepico.consev.es\/welcome\/"},"modified":"2022-12-04T15:33:40","modified_gmt":"2022-12-04T14:33:40","slug":"welcome","status":"publish","type":"page","link":"https:\/\/flautadepico.consev.es\/en\/welcome\/","title":{"rendered":"Welcome"},"content":{"rendered":"<p>Every activity of the <a href=\"http:\/\/consev.es\">Superior Conservatory of Music in Sevilla\u2019s<\/a> recorder class is conceived <strong>to improve and develop the main skills that future professional recorder players will need to possess<\/strong>:<\/p>\n<ul>\n<li><a href=\"https:\/\/flautadepico.consev.es\/en\/category\/video\/\">Great confidence on stage<\/a>: students are required to publicly perform <a href=\"https:\/\/flautadepico.consev.es\/en\/schedule\/\">a total of 8 times a year<\/a><\/li>\n<li><a href=\"https:\/\/flautadepico.consev.es\/download\/3286\/\">Technical proficiency<\/a>: we do 3 technique exams per academic course, and technical work is supervised on a weekly basis<\/li>\n<li><a href=\"https:\/\/flautadepico.consev.es\/en\/bibliography\/\">A good knowledge of the main recorder literature<\/a>: <a href=\"http:\/\/flautadepico.consev.es\/category\/articulos\/\">every student will publish a couple of recorder related articles<\/a> per academic course on this website<\/li>\n<\/ul>\n<h2>Lessons<\/h2>\n<p>The <a href=\"http:\/\/consev.es\">Superior Conservatory of Music in Sevilla<\/a> currently offers the following <strong>weekly lessons<\/strong> related to the recorder:<\/p>\n<h5>\n<ol>\n<li>One individual recorder class (1:30h)<\/li>\n<li>One recorder-consort lesson (1:30h)<\/li>\n<li>One repertoire lesson with accompanying harpsichordist (1h)<\/li>\n<li>One improvisation lesson (1h)<\/li>\n<li>One chamber music lesson (1:30h)<\/li>\n<\/ol>\n<\/h5>\n<div class=\"tiled-gallery type-rectangular tiled-gallery-unresized\" data-original-width=\"584\" data-carousel-extra='{&quot;blog_id&quot;:1,&quot;permalink&quot;:&quot;https:\\\/\\\/flautadepico.consev.es\\\/en\\\/welcome\\\/&quot;,&quot;likes_blog_id&quot;:29845321}' itemscope itemtype=\"http:\/\/schema.org\/ImageGallery\" > <div class=\"gallery-row\" style=\"width: 584px; height: 423px;\" data-original-width=\"584\" data-original-height=\"423\" > <div class=\"gallery-group images-1\" style=\"width: 246px; height: 423px;\" data-original-width=\"246\" data-original-height=\"423\" > <div class=\"tiled-gallery-item tiled-gallery-item-small\" itemprop=\"associatedMedia\" itemscope itemtype=\"http:\/\/schema.org\/ImageObject\"> <a href=\"https:\/\/flautadepico.consev.es\/en\/welcome\/consort-de-flautas-renacentistas-de-bob-marvin-del-conservatorio-superior-de-sevilla-01-2\/\" border=\"0\" itemprop=\"url\"> <meta itemprop=\"width\" content=\"242\"> <meta itemprop=\"height\" content=\"419\"> <img decoding=\"async\" class=\"\" data-attachment-id=\"4250\" data-orig-file=\"https:\/\/flautadepico.consev.es\/wp-content\/uploads\/2011\/09\/Consort-de-flautas-renacentistas-de-Bob-Marvin-del-Conservatorio-Superior-de-Sevilla-01.jpg\" data-orig-size=\"461,800\" data-comments-opened=\"1\" data-image-meta=\"{&quot;aperture&quot;:&quot;2.8&quot;,&quot;credit&quot;:&quot;&quot;,&quot;camera&quot;:&quot;DSC-V1&quot;,&quot;caption&quot;:&quot;&quot;,&quot;created_timestamp&quot;:&quot;1213112539&quot;,&quot;copyright&quot;:&quot;&quot;,&quot;focal_length&quot;:&quot;7&quot;,&quot;iso&quot;:&quot;100&quot;,&quot;shutter_speed&quot;:&quot;0.025&quot;,&quot;title&quot;:&quot;&quot;}\" data-image-title=\"Consort de flautas renacentistas de Bob Marvin del Conservatorio Superior de Sevilla 01\" data-image-description=\"&lt;p&gt;Consort de flautas renacentistas de Bob Marvin del Conservatorio Superior de Sevilla 01&lt;\/p&gt; \" data-medium-file=\"https:\/\/i0.wp.com\/flautadepico.consev.es\/wp-content\/uploads\/2011\/09\/Consort-de-flautas-renacentistas-de-Bob-Marvin-del-Conservatorio-Superior-de-Sevilla-01.jpg?fit=172%2C300&#038;ssl=1\" data-large-file=\"https:\/\/i0.wp.com\/flautadepico.consev.es\/wp-content\/uploads\/2011\/09\/Consort-de-flautas-renacentistas-de-Bob-Marvin-del-Conservatorio-Superior-de-Sevilla-01.jpg?fit=461%2C800&#038;ssl=1\" src=\"https:\/\/i0.wp.com\/flautadepico.consev.es\/wp-content\/uploads\/2011\/09\/Consort-de-flautas-renacentistas-de-Bob-Marvin-del-Conservatorio-Superior-de-Sevilla-01.jpg?w=242&#038;h=419&#038;ssl=1\" width=\"242\" height=\"419\" loading=\"lazy\" data-original-width=\"242\" data-original-height=\"419\" itemprop=\"http:\/\/schema.org\/image\" title=\"Consort de flautas renacentistas de Bob Marvin del Conservatorio Superior de Sevilla 01\" alt=\"Consort de flautas renacentistas de Bob Marvin del Conservatorio Superior de Sevilla 01\" style=\"width: 242px; height: 419px;\" \/> <\/a> <div class=\"tiled-gallery-caption\" itemprop=\"caption description\"> Consort de flautas renacentistas de Bob Marvin del Conservatorio Superior de Sevilla 01 <\/div> <\/div> <\/div> <!-- close group --> <div class=\"gallery-group images-1\" style=\"width: 338px; height: 423px;\" data-original-width=\"338\" data-original-height=\"423\" > <div class=\"tiled-gallery-item tiled-gallery-item-large\" itemprop=\"associatedMedia\" itemscope itemtype=\"http:\/\/schema.org\/ImageObject\"> <a href=\"https:\/\/flautadepico.consev.es\/en\/welcome\/consort-de-flautas-renacentistas-de-bob-marvin-del-conservatorio-superior-de-sevilla-02-2\/\" border=\"0\" itemprop=\"url\"> <meta itemprop=\"width\" content=\"334\"> <meta itemprop=\"height\" content=\"419\"> <img decoding=\"async\" class=\"\" data-attachment-id=\"4251\" data-orig-file=\"https:\/\/flautadepico.consev.es\/wp-content\/uploads\/2011\/09\/Consort-de-flautas-renacentistas-de-Bob-Marvin-del-Conservatorio-Superior-de-Sevilla-02.jpg\" data-orig-size=\"553,693\" data-comments-opened=\"1\" data-image-meta=\"{&quot;aperture&quot;:&quot;0&quot;,&quot;credit&quot;:&quot;&quot;,&quot;camera&quot;:&quot;&quot;,&quot;caption&quot;:&quot;&quot;,&quot;created_timestamp&quot;:&quot;0&quot;,&quot;copyright&quot;:&quot;&quot;,&quot;focal_length&quot;:&quot;0&quot;,&quot;iso&quot;:&quot;0&quot;,&quot;shutter_speed&quot;:&quot;0&quot;,&quot;title&quot;:&quot;&quot;}\" data-image-title=\"Consort de flautas renacentistas de Bob Marvin del Conservatorio Superior de Sevilla 02\" data-image-description=\"\" data-medium-file=\"https:\/\/i0.wp.com\/flautadepico.consev.es\/wp-content\/uploads\/2011\/09\/Consort-de-flautas-renacentistas-de-Bob-Marvin-del-Conservatorio-Superior-de-Sevilla-02.jpg?fit=239%2C300&#038;ssl=1\" data-large-file=\"https:\/\/i0.wp.com\/flautadepico.consev.es\/wp-content\/uploads\/2011\/09\/Consort-de-flautas-renacentistas-de-Bob-Marvin-del-Conservatorio-Superior-de-Sevilla-02.jpg?fit=553%2C693&#038;ssl=1\" src=\"https:\/\/i0.wp.com\/flautadepico.consev.es\/wp-content\/uploads\/2011\/09\/Consort-de-flautas-renacentistas-de-Bob-Marvin-del-Conservatorio-Superior-de-Sevilla-02.jpg?w=334&#038;h=419&#038;ssl=1\" srcset=\"https:\/\/i0.wp.com\/flautadepico.consev.es\/wp-content\/uploads\/2011\/09\/Consort-de-flautas-renacentistas-de-Bob-Marvin-del-Conservatorio-Superior-de-Sevilla-02.jpg?w=553&amp;ssl=1 553w, https:\/\/i0.wp.com\/flautadepico.consev.es\/wp-content\/uploads\/2011\/09\/Consort-de-flautas-renacentistas-de-Bob-Marvin-del-Conservatorio-Superior-de-Sevilla-02.jpg?resize=239%2C300&amp;ssl=1 239w\" width=\"334\" height=\"419\" loading=\"lazy\" data-original-width=\"334\" data-original-height=\"419\" itemprop=\"http:\/\/schema.org\/image\" title=\"Consort de flautas renacentistas de Bob Marvin del Conservatorio Superior de Sevilla 02\" alt=\"Consort de flautas renacentistas de Bob Marvin del Conservatorio Superior de Sevilla 02\" style=\"width: 334px; height: 419px;\" \/> <\/a> <\/div> <\/div> <!-- close group --> <\/div> <!-- close row --> <\/div>\n<h2>Renaissance recorder consort by Bob Marvin. An open class<\/h2>\n<p>The Superior Conservatory of Music in Sevilla\u2019s recorder class is lucky to count on a stunning <a href=\"https:\/\/flautadepico.consev.es\/en\/consort\/\">set of professional recorder consort instruments<\/a> built by legendary maker <a href=\"http:\/\/bobmarvinrecorders.wordpress.com\">Bob Marvin<\/a>, which are used every week in the consort lessons, and we are an open class that is regularly visited by <a href=\"#visitingerasmusstudents\">Erasmus students<\/a> from abroad, as well as by all kind of personalities from the recorder world such as <a href=\"https:\/\/flautadepico.consev.es\/masterclass-andreas-boehlen\/\">Andreas B\u00f6hlen<\/a>, <a href=\"https:\/\/flautadepico.consev.es\/masterclass-daniel-bruggen\/\">Dani\u00ebl Br\u00fcggen<\/a>, <a href=\"http:\/\/flautadepico.consev.es\/visita-y-conferencia-de-david-lasocki\/\" title=\"Visita y conferencia de David Lasocki\">David Lasocki<\/a>, <a href=\"http:\/\/flautadepico.consev.es\/clases-magistrales-de-flauta-de-pico-dan-laurin\/\" title=\"Clases magistrales de flauta de pico \u2014 Dan Laurin\">Dan Laurin<\/a>, <a href=\"https:\/\/flautadepico.consev.es\/fotos-de-curso-de-construccion-de-bloques-con-fernando-paz\/\">Fernando Paz<\/a>, <a href=\"https:\/\/flautadepico.consev.es\/masterclass-nikolaj-ronimus\/\" title=\"Clases magistrales de flauta de pico \u2014 Nikolaj Ronimus\">Nikolaj Ronimus<\/a>, <a href=\"http:\/\/flautadepico.consev.es\/visita-de-martin-wenner\/\">Martin Wenner<\/a>, <a href=\"http:\/\/flautadepico.consev.es\/clases-magistrales-de-flauta-de-pico-petr-zejfart\/\">Petr Zejfart<\/a> &amp; <a href=\"http:\/\/flautadepico.consev.es\/visita-de-bob-marvin\/\" title=\"Visita de Bob Marvin\">Bob Marvin<\/a>.<\/p>\n<div id=\"attachment_903\" style=\"width: 1034px\" class=\"wp-caption aligncenter\"><a href=\"https:\/\/i0.wp.com\/flautadepico.consev.es\/wp-content\/uploads\/2013\/04\/IMG_2939.jpg\"><img data-recalc-dims=\"1\" loading=\"lazy\" decoding=\"async\" aria-describedby=\"caption-attachment-903\" src=\"https:\/\/i0.wp.com\/flautadepico.consev.es\/wp-content\/uploads\/2013\/04\/IMG_2939.jpg?resize=584%2C438\" alt=\"Bob Marvin visiting the Superior Conservatory of Music in Sevilla\u2019s recorder class\" width=\"584\" height=\"438\" class=\"size-full wp-image-903\" srcset=\"https:\/\/i0.wp.com\/flautadepico.consev.es\/wp-content\/uploads\/2013\/04\/IMG_2939.jpg?w=1024&amp;ssl=1 1024w, https:\/\/i0.wp.com\/flautadepico.consev.es\/wp-content\/uploads\/2013\/04\/IMG_2939.jpg?resize=300%2C225&amp;ssl=1 300w, https:\/\/i0.wp.com\/flautadepico.consev.es\/wp-content\/uploads\/2013\/04\/IMG_2939.jpg?resize=400%2C300&amp;ssl=1 400w\" sizes=\"auto, (max-width: 584px) 100vw, 584px\" \/><\/a><p id=\"caption-attachment-903\" class=\"wp-caption-text\"><a href=\"http:\/\/bobmarvinrecorders.wordpress.com\">Bob Marvin<\/a> visiting the Superior Conservatory of Music in Sevilla\u2019s recorder class<\/p><\/div>\n<h2>Alumni<\/h2>\n<h2>Recently graduated recorder students:<\/h2>\n<ol>\n<li>Daniel Riquelme (2019)<\/li>\n<li>Juan Miguel Ill\u00e1n (2019)<\/li>\n<li>Alejandra Fern\u00e1ndez Sanz (2018)<\/li>\n<li>In\u00e9s Pina (2016)<\/li>\n<li>Olga Rod\u00f3n Mas (2016)<\/li>\n<li>Marta Barrag\u00e1n Gonz\u00e1lez (2015)<\/li>\n<li><a href=\"http:\/\/judithmilena.com\">Milena Cord-to-Krax<\/a> (2015)<\/li>\n<li><a href=\"http:\/\/voxtremula.com\">Sara Becerra Romero<\/a> (2014)<\/li>\n<li><a href=\"https:\/\/caranzalemusica.com\/sobre-nosotras\/\">Elena Escart\u00edn D\u00edez<\/a> (2012)<\/li>\n<li><a href=\"http:\/\/evajornet.com\">Eva Jornet Descarrega<\/a> (2010)<\/li>\n<li>Ainara Morant Am\u00e9zaga (2010)<\/li>\n<li>Antonio Barrag\u00e1n Gonz\u00e1lez (2009)<\/li>\n<\/ol>\n<h2>List of recorder students enrolled at the <a href=\"http:\/\/consev.es\">Conservatorio Superior de M\u00fasica Manuel Castillo de Sevilla<\/a>, academic course 2015-2016:<\/h2>\n<ol>\n<li>Alejandra Fern\u00e1ndez<\/li>\n<li>Juan Miguel Ill\u00e1n<\/li>\n<li>Jana Lalovic (Erasmus)<\/li>\n<li>Gonzalo Llao<\/li>\n<li>In\u00e9s Pina<\/li>\n<li>Daniel Riquelme<\/li>\n<li>Olga Rod\u00f3n Mas<\/li>\n<li>Arcelia S\u00e1ez<\/li>\n<li>Guillermo S\u00e1ez<\/li>\n<\/ol>\n<h2><a name=\"visitingerasmusstudents\">Visiting Erasmus students<\/a>:<\/h2>\n<ul>\n<li>Jana Lalovic (2015\u20132016, DE)<\/li>\n<li>F\u00e9odora Diakoff (2012\u20132013, CH)<\/li>\n<li>Mirjam-Luise M\u00fcnzel (2012\u20132013, DE)<\/li>\n<li>Tina Hoffmann (2010\u20132011, DE)<\/li>\n<li>Iulia Ivancenco (2007\u20132008, DE)<\/li>\n<li>Johanna Rinnert (2007\u20132008, DE)<\/li>\n<\/ul>\n<p>Recorder teacher: <a href=\"http:\/\/vicenteparrilla.com\" title=\"Vicente Parrilla's website\">Vicente Parrilla<\/a><\/p>\n\n<div class=\"twitter-share\"><a href=\"https:\/\/twitter.com\/intent\/tweet?via=fpconsev\" class=\"twitter-share-button\">Tweet<\/a><\/div>\n","protected":false},"excerpt":{"rendered":"<p>Every activity of the Superior Conservatory of Music in Sevilla\u2019s recorder class is conceived to improve and develop the main skills that future professional recorder players will need to possess: Great confidence on stage: students are required to publicly perform &hellip; <a href=\"https:\/\/flautadepico.consev.es\/en\/welcome\/\">Continue reading <span class=\"meta-nav\">&rarr;<\/span><\/a><\/p>\n","protected":false},"author":13,"featured_media":0,"parent":0,"menu_order":1,"comment_status":"closed","ping_status":"open","template":"","meta":{"jetpack_post_was_ever_published":false,"footnotes":""},"class_list":["post-2390","page","type-page","status-publish","hentry"],"jetpack_sharing_enabled":true,"jetpack_shortlink":"https:\/\/wp.me\/P21e89-Cy","jetpack-related-posts":[{"id":2391,"url":"https:\/\/flautadepico.consev.es\/en\/schedule\/","url_meta":{"origin":2390,"position":0},"title":"Schedule","author":"Vicente Parrilla","date":"18 de February de 2015","format":false,"excerpt":"Academic course 2018-2019 schedule and planning details of the Superior Conservatory of Music in Sevilla\u2019s recorder class. 1. Program Students must elaborate a recital program including the list of works to be performed during the academic course, according to the subject\u2019s established criteria and requisites as specified on the recorder\u2026","rel":"","context":"Similar post","block_context":{"text":"Similar post","link":""},"img":{"alt_text":"","src":"https:\/\/i0.wp.com\/flautadepico.consev.es\/wp-content\/uploads\/2016\/04\/clase-flauta-de-pico-Sevilla-concert-banner.jpg?fit=1000%2C288&ssl=1&resize=350%2C200","width":350,"height":200,"srcset":"https:\/\/i0.wp.com\/flautadepico.consev.es\/wp-content\/uploads\/2016\/04\/clase-flauta-de-pico-Sevilla-concert-banner.jpg?fit=1000%2C288&ssl=1&resize=350%2C200 1x, https:\/\/i0.wp.com\/flautadepico.consev.es\/wp-content\/uploads\/2016\/04\/clase-flauta-de-pico-Sevilla-concert-banner.jpg?fit=1000%2C288&ssl=1&resize=525%2C300 1.5x, https:\/\/i0.wp.com\/flautadepico.consev.es\/wp-content\/uploads\/2016\/04\/clase-flauta-de-pico-Sevilla-concert-banner.jpg?fit=1000%2C288&ssl=1&resize=700%2C400 2x"},"classes":[]},{"id":2418,"url":"https:\/\/flautadepico.consev.es\/en\/bibliography\/","url_meta":{"origin":2390,"position":1},"title":"Bibliography","author":"Vicente Parrilla","date":"26 de November de 2011","format":false,"excerpt":"A SHORT BIBLIOGRAPHY ON THE RECORDER Bibliography Repertory Modern monographs General overviews Books on specific periods Performance Ornamentation Recorder care & maintenance Treatises Technique Makers Recorder magazines Internet B. A short bibliography on historical improvisation Modern literature. Books: Articles Online articles 1. Most comprehensive (and annotated) bibliography on the recorder:\u2026","rel":"","context":"Similar post","block_context":{"text":"Similar post","link":""},"img":{"alt_text":"Algunos libros de Lasocki sobre la flauta de pico","src":"https:\/\/i0.wp.com\/flautadepico.consev.es\/wp-content\/uploads\/2014\/05\/Some-Lasocki-books-on-the-recorder.jpg?fit=1200%2C900&ssl=1&resize=350%2C200","width":350,"height":200,"srcset":"https:\/\/i0.wp.com\/flautadepico.consev.es\/wp-content\/uploads\/2014\/05\/Some-Lasocki-books-on-the-recorder.jpg?fit=1200%2C900&ssl=1&resize=350%2C200 1x, https:\/\/i0.wp.com\/flautadepico.consev.es\/wp-content\/uploads\/2014\/05\/Some-Lasocki-books-on-the-recorder.jpg?fit=1200%2C900&ssl=1&resize=525%2C300 1.5x, https:\/\/i0.wp.com\/flautadepico.consev.es\/wp-content\/uploads\/2014\/05\/Some-Lasocki-books-on-the-recorder.jpg?fit=1200%2C900&ssl=1&resize=700%2C400 2x, https:\/\/i0.wp.com\/flautadepico.consev.es\/wp-content\/uploads\/2014\/05\/Some-Lasocki-books-on-the-recorder.jpg?fit=1200%2C900&ssl=1&resize=1050%2C600 3x"},"classes":[]},{"id":2388,"url":"https:\/\/flautadepico.consev.es\/en\/downloads\/","url_meta":{"origin":2390,"position":2},"title":"Downloads","author":"Vicente Parrilla","date":"17 de February de 2015","format":false,"excerpt":"1. Recorder class official program (\u00a1New!) 2. Monthly student concert programs \u2014 academic course 2014-2015 (\u00a1New!) 3. Music scores (\u00a1New!) \u00a0 Monthly student concert programs from last years: 4. Monthly student concert programs \u2014 academic course 2013-2014 5. Monthly student concert programs \u2014 academic course 2012-2013 6. Monthly student concert\u2026","rel":"","context":"Similar post","block_context":{"text":"Similar post","link":""},"img":{"alt_text":"","src":"https:\/\/i0.wp.com\/flautadepico.consev.es\/wp-content\/uploads\/2012\/01\/boxwood-Bassano-tenor-MET-bottom-DP234696.jpg?fit=1000%2C288&ssl=1&resize=350%2C200","width":350,"height":200,"srcset":"https:\/\/i0.wp.com\/flautadepico.consev.es\/wp-content\/uploads\/2012\/01\/boxwood-Bassano-tenor-MET-bottom-DP234696.jpg?fit=1000%2C288&ssl=1&resize=350%2C200 1x, https:\/\/i0.wp.com\/flautadepico.consev.es\/wp-content\/uploads\/2012\/01\/boxwood-Bassano-tenor-MET-bottom-DP234696.jpg?fit=1000%2C288&ssl=1&resize=525%2C300 1.5x, https:\/\/i0.wp.com\/flautadepico.consev.es\/wp-content\/uploads\/2012\/01\/boxwood-Bassano-tenor-MET-bottom-DP234696.jpg?fit=1000%2C288&ssl=1&resize=700%2C400 2x"},"classes":[]},{"id":99,"url":"https:\/\/flautadepico.consev.es\/bibliografia\/","url_meta":{"origin":2390,"position":3},"title":"Bibliograf\u00eda","author":"Vicente Parrilla","date":"26 de November de 2011","format":false,"excerpt":"A. Bibliograf\u00eda b\u00e1sica sobre la flauta de pico Bibliograf\u00eda Repertorio Monogr\u00e1ficos modernos Generales Especializados por \u00e9pocas Interpretaci\u00f3n Ornamentaci\u00f3n Mantenimiento de la flauta Tratados antiguos T\u00e9cnica Constructores Revistas Internet B. Bibliograf\u00eda b\u00e1sica sobre improvisaci\u00f3n hist\u00f3rica Monogr\u00e1ficos modernos. Libros Art\u00edculos Art\u00edculos en l\u00ednea 1. Bibliograf\u00eda (casi) completa y comentada: Griscom, R. &\u2026","rel":"","context":"Similar post","block_context":{"text":"Similar post","link":""},"img":{"alt_text":"Algunos libros de Lasocki sobre la flauta de pico","src":"https:\/\/i0.wp.com\/flautadepico.consev.es\/wp-content\/uploads\/2014\/05\/Some-Lasocki-books-on-the-recorder.jpg?fit=1200%2C900&ssl=1&resize=350%2C200","width":350,"height":200,"srcset":"https:\/\/i0.wp.com\/flautadepico.consev.es\/wp-content\/uploads\/2014\/05\/Some-Lasocki-books-on-the-recorder.jpg?fit=1200%2C900&ssl=1&resize=350%2C200 1x, https:\/\/i0.wp.com\/flautadepico.consev.es\/wp-content\/uploads\/2014\/05\/Some-Lasocki-books-on-the-recorder.jpg?fit=1200%2C900&ssl=1&resize=525%2C300 1.5x, https:\/\/i0.wp.com\/flautadepico.consev.es\/wp-content\/uploads\/2014\/05\/Some-Lasocki-books-on-the-recorder.jpg?fit=1200%2C900&ssl=1&resize=700%2C400 2x, https:\/\/i0.wp.com\/flautadepico.consev.es\/wp-content\/uploads\/2014\/05\/Some-Lasocki-books-on-the-recorder.jpg?fit=1200%2C900&ssl=1&resize=1050%2C600 3x"},"classes":[]},{"id":2389,"url":"https:\/\/flautadepico.consev.es\/en\/consort\/","url_meta":{"origin":2390,"position":4},"title":"Consort","author":"Vicente Parrilla","date":"17 de February de 2015","format":false,"excerpt":"Note: this page is to be updated. 1. Suggested ensemble repertoire for the next recorder class concert taking place on March 3, 2012 (contemporary music): Joan Albert Amarg\u00f3s (*1950): Sonata de Primavera (1990) Frans Geysen (*1936): Installaties (1983) 2. Suggested repertoire for the next recorder class concert taking place on\u2026","rel":"","context":"Similar post","block_context":{"text":"Similar post","link":""},"img":{"alt_text":"Alejandra F. Sanz","src":"https:\/\/i0.wp.com\/flautadepico.consev.es\/wp-content\/uploads\/2012\/10\/Sevilla-recorder-class-consort.jpg?fit=1000%2C288&ssl=1&resize=350%2C200","width":350,"height":200,"srcset":"https:\/\/i0.wp.com\/flautadepico.consev.es\/wp-content\/uploads\/2012\/10\/Sevilla-recorder-class-consort.jpg?fit=1000%2C288&ssl=1&resize=350%2C200 1x, https:\/\/i0.wp.com\/flautadepico.consev.es\/wp-content\/uploads\/2012\/10\/Sevilla-recorder-class-consort.jpg?fit=1000%2C288&ssl=1&resize=525%2C300 1.5x, https:\/\/i0.wp.com\/flautadepico.consev.es\/wp-content\/uploads\/2012\/10\/Sevilla-recorder-class-consort.jpg?fit=1000%2C288&ssl=1&resize=700%2C400 2x"},"classes":[]},{"id":2386,"url":"https:\/\/flautadepico.consev.es\/en\/calendar\/","url_meta":{"origin":2390,"position":5},"title":"Calendar","author":"Vicente Parrilla","date":"17 de February de 2015","format":false,"excerpt":"Public performance dates & activities of the recorder class at CSMS.","rel":"","context":"Similar post","block_context":{"text":"Similar post","link":""},"img":{"alt_text":"","src":"https:\/\/i0.wp.com\/flautadepico.consev.es\/wp-content\/uploads\/2011\/09\/04-header-basset-5396.jpg?fit=1000%2C288&ssl=1&resize=350%2C200","width":350,"height":200,"srcset":"https:\/\/i0.wp.com\/flautadepico.consev.es\/wp-content\/uploads\/2011\/09\/04-header-basset-5396.jpg?fit=1000%2C288&ssl=1&resize=350%2C200 1x, https:\/\/i0.wp.com\/flautadepico.consev.es\/wp-content\/uploads\/2011\/09\/04-header-basset-5396.jpg?fit=1000%2C288&ssl=1&resize=525%2C300 1.5x, https:\/\/i0.wp.com\/flautadepico.consev.es\/wp-content\/uploads\/2011\/09\/04-header-basset-5396.jpg?fit=1000%2C288&ssl=1&resize=700%2C400 2x"},"classes":[]}],"_links":{"self":[{"href":"https:\/\/flautadepico.consev.es\/en\/wp-json\/wp\/v2\/pages\/2390","targetHints":{"allow":["GET"]}}],"collection":[{"href":"https:\/\/flautadepico.consev.es\/en\/wp-json\/wp\/v2\/pages"}],"about":[{"href":"https:\/\/flautadepico.consev.es\/en\/wp-json\/wp\/v2\/types\/page"}],"author":[{"embeddable":true,"href":"https:\/\/flautadepico.consev.es\/en\/wp-json\/wp\/v2\/users\/13"}],"replies":[{"embeddable":true,"href":"https:\/\/flautadepico.consev.es\/en\/wp-json\/wp\/v2\/comments?post=2390"}],"version-history":[{"count":10,"href":"https:\/\/flautadepico.consev.es\/en\/wp-json\/wp\/v2\/pages\/2390\/revisions"}],"predecessor-version":[{"id":5013,"href":"https:\/\/flautadepico.consev.es\/en\/wp-json\/wp\/v2\/pages\/2390\/revisions\/5013"}],"wp:attachment":[{"href":"https:\/\/flautadepico.consev.es\/en\/wp-json\/wp\/v2\/media?parent=2390"}],"curies":[{"name":"wp","href":"https:\/\/api.w.org\/{rel}","templated":true}]}}