{"id":2391,"date":"2015-02-18T11:53:05","date_gmt":"2015-02-18T10:53:05","guid":{"rendered":"http:\/\/flautadepico.consev.es\/schedule\/"},"modified":"2022-12-04T16:13:13","modified_gmt":"2022-12-04T15:13:13","slug":"schedule","status":"publish","type":"page","link":"https:\/\/flautadepico.consev.es\/en\/schedule\/","title":{"rendered":"Schedule"},"content":{"rendered":"<h3>Academic course 2018-2019 schedule and planning details of the <a href=\"http:\/\/consev.es\">Superior Conservatory of Music in Sevilla<\/a>\u2019s recorder class.<\/h3>\n<p><\/p>\n<h2>1. Program<\/h2>\n<p>Students must elaborate a recital program including the <strong>list of works to be performed<\/strong> during the academic course, according to the subject\u2019s established criteria and requisites as specified on the recorder class\u2019 <a href=\"https:\/\/flautadepico.consev.es\/download\/3024\/\">official program<\/a>. <strong>Deadline<\/strong> is <abbr>third week of November, 2018<\/abbr>. Information will be sent via an online form.<\/p>\n<h2>2. Technique exams will take place on the following dates:<\/h2>\n<ol>\n<li>November 29 and December 5, 2018, within normal lessons\u2019 time<\/li>\n<li>March 13 and 14, 2019, within normal lessons\u2019 time<\/li>\n<li>May 8 and 9, 2019, within normal lessons\u2019 time<\/li>\n<\/ol>\n<h2>3. Monthly student public concerts<\/h2>\n<p>One of the main goals of the Superior Conservatory of Music in Sevilla\u2019s recorder class is <strong>to publicly perform once a month<\/strong>, for which a thematic public concert is scheduled every month. Here\u2019s the list of dates &amp; subjects for the academic course <abbr>2018-2019<\/abbr>:<\/p>\n<ol>\n<li><abbr>October 29, 2018<\/abbr>: <em>solo<\/em><\/li>\n<li><abbr>November 23, 2018 <\/abbr>: <em>17th c. music<\/em><\/li>\n<li><abbr>December 14, 2018 <\/abbr>: <em>French Baroque music<\/em><\/li>\n<li><abbr>January 18, 2019 <\/abbr>: <em>18th c. music &#038; free subject<\/em><\/li>\n<li><abbr>February 8, 2019 <\/abbr>: <em>16th c. music<\/em><\/li>\n<li><abbr><ins>March 29, 2019 <\/ins><\/abbr>: <ins><em>contemporary music<\/em><\/ins><\/li>\n<li><abbr>April 26, 2019 <\/abbr>: <em>14th &#038; 15th c. music<\/em><\/li>\n<li><abbr>May 31, 2019 <\/abbr>: <em>final individual recitals<\/em><\/li>\n<\/ol>\n<p><ins>\u2192 These dates can also be checked out in the <a href=\"https:\/\/flautadepico.consev.es\/en\/calendar\/\" title=\"Calendario de la asignatura de flauta de pico\">calendar<\/a>.<\/ins><br \/>\n<\/p>\n<ul>\n<li><strong>Concert venue<\/strong>: student concerts will always take place on <strong>room 6<\/strong>, and always on <strong>Friday evenings<\/strong>.<\/li>\n<li><strong>Program design<\/strong>: all necessary information (composers details, program notes, accompanying musicians, etc) will be filled in trough an online form that will be sent via email. See some program examples in the <a href=\"https:\/\/flautadepico.consev.es\/en\/downloads\/\" title=\"downloads\">downloads page<\/a>).<\/li>\n<li><strong>Programme notes<\/strong>: recorder students are required to write <strong>short<\/strong> programme notes (maximum 70 words) including the most remarkable aspects about the piece to be performed.<\/li>\n<\/ul>\n<h2>4. Research work<\/h2>\n<p>Reading, studying and getting to know the main specialized early music and recorder <a href=\"https:\/\/flautadepico.consev.es\/en\/bibliography\/\" title=\"bibliography\">bibliography <\/a> is <strong>essential<\/strong> to achieve a complete and meaningful training that will allow recorder students to develop attractive, interesting &amp; innovative future musical projects.<\/p>\n<p>For the last two academic courses <a href=\"http:\/\/flautadepico.consev.es\/trabajos-de-investigacion-2012-13\/\">we have substituted the traditional paper work for the open publication of articles on this website<\/a>. Since these articles are openly published and freely accessible, they\u2019re proving to be of tremendous help for the dissemination of knowledge and visibility, and at the same time allowing them to benefit from all kind of multimedia content (photos, audio, video, etc.). Deadlines are:<\/p>\n<ol>\n<li><strong>First article<\/strong>: the first article must be published on this website before <abbr>December 19, 2018<\/abbr><\/li>\n<li><strong>Second article<\/strong>: the second article must be published on this website before <abbr>May 1, 2019<\/abbr><\/li>\n<\/ol>\n<h2>5. Recorder consort<\/h2>\n<p><img data-recalc-dims=\"1\" loading=\"lazy\" decoding=\"async\" src=\"https:\/\/i0.wp.com\/flautadepico.consev.es\/wp-content\/uploads\/2016\/05\/3515-Sevilla-recorder-class-2016.jpg?resize=584%2C389&#038;ssl=1\" alt=\"\" width=\"584\" height=\"389\" class=\"aligncenter size-full wp-image-2889\" srcset=\"https:\/\/i0.wp.com\/flautadepico.consev.es\/wp-content\/uploads\/2016\/05\/3515-Sevilla-recorder-class-2016.jpg?w=1500&amp;ssl=1 1500w, https:\/\/i0.wp.com\/flautadepico.consev.es\/wp-content\/uploads\/2016\/05\/3515-Sevilla-recorder-class-2016.jpg?resize=300%2C200&amp;ssl=1 300w, https:\/\/i0.wp.com\/flautadepico.consev.es\/wp-content\/uploads\/2016\/05\/3515-Sevilla-recorder-class-2016.jpg?resize=768%2C512&amp;ssl=1 768w, https:\/\/i0.wp.com\/flautadepico.consev.es\/wp-content\/uploads\/2016\/05\/3515-Sevilla-recorder-class-2016.jpg?resize=1024%2C683&amp;ssl=1 1024w, https:\/\/i0.wp.com\/flautadepico.consev.es\/wp-content\/uploads\/2016\/05\/3515-Sevilla-recorder-class-2016.jpg?resize=450%2C300&amp;ssl=1 450w, https:\/\/i0.wp.com\/flautadepico.consev.es\/wp-content\/uploads\/2016\/05\/3515-Sevilla-recorder-class-2016.jpg?w=1168&amp;ssl=1 1168w\" sizes=\"auto, (max-width: 584px) 100vw, 584px\" \/><\/p>\n<p>The Superior Conservatory of Music in Sevilla\u2019s recorder class is lucky to count on a stunning <a href=\"http:\/\/musicaantigua.consev.es\/instrumentos-del-departamento\/\">set of professional recorder consort instruments<\/a> built by legendary maker <a href=\"http:\/\/bobmarvinrecorders.wordpress.com\">Bob Marvin<\/a>, which are used every week in the consort lessons, providing students with all the necessary tools for a significant, serious work on the rich consort repertoire of the 15th-17th centuries. Consort repertoire <strong>will be performed at the public student concerts of <abbr>February &amp; April<\/abbr><\/strong>.<\/p>\n<h2>6. Schedule of former academic courses<\/h2>\n<p>The schedule of former academic courses and other planning details can be consulted on the following links (in Spanish):<\/p>\n<ul>\n<li><a href=\"https:\/\/flautadepico.consev.es\/planificacion\/planificacion-2017-18\/\">Academic course 2017-18<\/a><\/li>\n<li><a href=\"https:\/\/flautadepico.consev.es\/planificacion\/planificacion-2016-17\/\">Academic course 2016-17<\/a><\/li>\n<li><a href=\"https:\/\/flautadepico.consev.es\/planificacion\/planificacion-2015-16\/\">Academic course 2015-16<\/a><\/li>\n<li><a href=\"https:\/\/flautadepico.consev.es\/planificacion\/planificacion-2014-15\/\">Academic course 2014-15<\/a><\/li>\n<li><a href=\"https:\/\/flautadepico.consev.es\/planificacion\/planificacion-2013-14\/\">Academic course 2013-14<\/a><\/li>\n<li><a href=\"https:\/\/flautadepico.consev.es\/planificacion\/planificacion-2012-13\/\">Academic course 2012-13<\/a><\/li>\n<\/ul>\n\n<div class=\"twitter-share\"><a href=\"https:\/\/twitter.com\/intent\/tweet?via=fpconsev\" class=\"twitter-share-button\">Tweet<\/a><\/div>\n","protected":false},"excerpt":{"rendered":"<p>Academic course 2018-2019 schedule and planning details of the Superior Conservatory of Music in Sevilla\u2019s recorder class. 1. Program Students must elaborate a recital program including the list of works to be performed during the academic course, according to the &hellip; <a href=\"https:\/\/flautadepico.consev.es\/en\/schedule\/\">Continue reading <span class=\"meta-nav\">&rarr;<\/span><\/a><\/p>\n","protected":false},"author":13,"featured_media":4406,"parent":0,"menu_order":2,"comment_status":"closed","ping_status":"open","template":"","meta":{"jetpack_post_was_ever_published":false,"footnotes":""},"class_list":["post-2391","page","type-page","status-publish","has-post-thumbnail","hentry"],"jetpack_sharing_enabled":true,"jetpack_shortlink":"https:\/\/wp.me\/P21e89-Cz","jetpack-related-posts":[{"id":2388,"url":"https:\/\/flautadepico.consev.es\/en\/downloads\/","url_meta":{"origin":2391,"position":0},"title":"Downloads","author":"Vicente Parrilla","date":"17 de February de 2015","format":false,"excerpt":"1. Recorder class official program (\u00a1New!) 2. Monthly student concert programs \u2014 academic course 2014-2015 (\u00a1New!) 3. Music scores (\u00a1New!) \u00a0 Monthly student concert programs from last years: 4. Monthly student concert programs \u2014 academic course 2013-2014 5. Monthly student concert programs \u2014 academic course 2012-2013 6. Monthly student concert\u2026","rel":"","context":"Similar post","block_context":{"text":"Similar post","link":""},"img":{"alt_text":"","src":"https:\/\/i0.wp.com\/flautadepico.consev.es\/wp-content\/uploads\/2012\/01\/boxwood-Bassano-tenor-MET-bottom-DP234696.jpg?fit=1000%2C288&ssl=1&resize=350%2C200","width":350,"height":200,"srcset":"https:\/\/i0.wp.com\/flautadepico.consev.es\/wp-content\/uploads\/2012\/01\/boxwood-Bassano-tenor-MET-bottom-DP234696.jpg?fit=1000%2C288&ssl=1&resize=350%2C200 1x, https:\/\/i0.wp.com\/flautadepico.consev.es\/wp-content\/uploads\/2012\/01\/boxwood-Bassano-tenor-MET-bottom-DP234696.jpg?fit=1000%2C288&ssl=1&resize=525%2C300 1.5x, https:\/\/i0.wp.com\/flautadepico.consev.es\/wp-content\/uploads\/2012\/01\/boxwood-Bassano-tenor-MET-bottom-DP234696.jpg?fit=1000%2C288&ssl=1&resize=700%2C400 2x"},"classes":[]},{"id":2418,"url":"https:\/\/flautadepico.consev.es\/en\/bibliography\/","url_meta":{"origin":2391,"position":1},"title":"Bibliography","author":"Vicente Parrilla","date":"26 de November de 2011","format":false,"excerpt":"A SHORT BIBLIOGRAPHY ON THE RECORDER Bibliography Repertory Modern monographs General overviews Books on specific periods Performance Ornamentation Recorder care & maintenance Treatises Technique Makers Recorder magazines Internet B. A short bibliography on historical improvisation Modern literature. Books: Articles Online articles 1. Most comprehensive (and annotated) bibliography on the recorder:\u2026","rel":"","context":"Similar post","block_context":{"text":"Similar post","link":""},"img":{"alt_text":"Algunos libros de Lasocki sobre la flauta de pico","src":"https:\/\/i0.wp.com\/flautadepico.consev.es\/wp-content\/uploads\/2014\/05\/Some-Lasocki-books-on-the-recorder.jpg?fit=1200%2C900&ssl=1&resize=350%2C200","width":350,"height":200,"srcset":"https:\/\/i0.wp.com\/flautadepico.consev.es\/wp-content\/uploads\/2014\/05\/Some-Lasocki-books-on-the-recorder.jpg?fit=1200%2C900&ssl=1&resize=350%2C200 1x, https:\/\/i0.wp.com\/flautadepico.consev.es\/wp-content\/uploads\/2014\/05\/Some-Lasocki-books-on-the-recorder.jpg?fit=1200%2C900&ssl=1&resize=525%2C300 1.5x, https:\/\/i0.wp.com\/flautadepico.consev.es\/wp-content\/uploads\/2014\/05\/Some-Lasocki-books-on-the-recorder.jpg?fit=1200%2C900&ssl=1&resize=700%2C400 2x, https:\/\/i0.wp.com\/flautadepico.consev.es\/wp-content\/uploads\/2014\/05\/Some-Lasocki-books-on-the-recorder.jpg?fit=1200%2C900&ssl=1&resize=1050%2C600 3x"},"classes":[]},{"id":99,"url":"https:\/\/flautadepico.consev.es\/bibliografia\/","url_meta":{"origin":2391,"position":2},"title":"Bibliograf\u00eda","author":"Vicente Parrilla","date":"26 de November de 2011","format":false,"excerpt":"A. Bibliograf\u00eda b\u00e1sica sobre la flauta de pico Bibliograf\u00eda Repertorio Monogr\u00e1ficos modernos Generales Especializados por \u00e9pocas Interpretaci\u00f3n Ornamentaci\u00f3n Mantenimiento de la flauta Tratados antiguos T\u00e9cnica Constructores Revistas Internet B. Bibliograf\u00eda b\u00e1sica sobre improvisaci\u00f3n hist\u00f3rica Monogr\u00e1ficos modernos. Libros Art\u00edculos Art\u00edculos en l\u00ednea 1. Bibliograf\u00eda (casi) completa y comentada: Griscom, R. &\u2026","rel":"","context":"Similar post","block_context":{"text":"Similar post","link":""},"img":{"alt_text":"Algunos libros de Lasocki sobre la flauta de pico","src":"https:\/\/i0.wp.com\/flautadepico.consev.es\/wp-content\/uploads\/2014\/05\/Some-Lasocki-books-on-the-recorder.jpg?fit=1200%2C900&ssl=1&resize=350%2C200","width":350,"height":200,"srcset":"https:\/\/i0.wp.com\/flautadepico.consev.es\/wp-content\/uploads\/2014\/05\/Some-Lasocki-books-on-the-recorder.jpg?fit=1200%2C900&ssl=1&resize=350%2C200 1x, https:\/\/i0.wp.com\/flautadepico.consev.es\/wp-content\/uploads\/2014\/05\/Some-Lasocki-books-on-the-recorder.jpg?fit=1200%2C900&ssl=1&resize=525%2C300 1.5x, https:\/\/i0.wp.com\/flautadepico.consev.es\/wp-content\/uploads\/2014\/05\/Some-Lasocki-books-on-the-recorder.jpg?fit=1200%2C900&ssl=1&resize=700%2C400 2x, https:\/\/i0.wp.com\/flautadepico.consev.es\/wp-content\/uploads\/2014\/05\/Some-Lasocki-books-on-the-recorder.jpg?fit=1200%2C900&ssl=1&resize=1050%2C600 3x"},"classes":[]},{"id":2389,"url":"https:\/\/flautadepico.consev.es\/en\/consort\/","url_meta":{"origin":2391,"position":3},"title":"Consort","author":"Vicente Parrilla","date":"17 de February de 2015","format":false,"excerpt":"Note: this page is to be updated. 1. Suggested ensemble repertoire for the next recorder class concert taking place on March 3, 2012 (contemporary music): Joan Albert Amarg\u00f3s (*1950): Sonata de Primavera (1990) Frans Geysen (*1936): Installaties (1983) 2. Suggested repertoire for the next recorder class concert taking place on\u2026","rel":"","context":"Similar post","block_context":{"text":"Similar post","link":""},"img":{"alt_text":"Alejandra F. Sanz","src":"https:\/\/i0.wp.com\/flautadepico.consev.es\/wp-content\/uploads\/2012\/10\/Sevilla-recorder-class-consort.jpg?fit=1000%2C288&ssl=1&resize=350%2C200","width":350,"height":200,"srcset":"https:\/\/i0.wp.com\/flautadepico.consev.es\/wp-content\/uploads\/2012\/10\/Sevilla-recorder-class-consort.jpg?fit=1000%2C288&ssl=1&resize=350%2C200 1x, https:\/\/i0.wp.com\/flautadepico.consev.es\/wp-content\/uploads\/2012\/10\/Sevilla-recorder-class-consort.jpg?fit=1000%2C288&ssl=1&resize=525%2C300 1.5x, https:\/\/i0.wp.com\/flautadepico.consev.es\/wp-content\/uploads\/2012\/10\/Sevilla-recorder-class-consort.jpg?fit=1000%2C288&ssl=1&resize=700%2C400 2x"},"classes":[]},{"id":1762,"url":"https:\/\/flautadepico.consev.es\/inicio\/","url_meta":{"origin":2391,"position":4},"title":"Clase de flauta de pico del Conservatorio Superior de Sevilla","author":"Vicente Parrilla","date":"24 de June de 2014","format":false,"excerpt":"Clase de flauta de pico del Conservatorio Superior de M\u00fasica Manuel Castillo de Sevilla (2004\u20132019) \u2014 Profesor: Vicente Parrilla Esta p\u00e1gina web documenta las actividades de la clase de flauta de pico del Conservatorio Superior de Sevilla entre los a\u00f1os 2011\u20132019. Con 7 audiciones tem\u00e1ticas a lo largo del curso\u2026","rel":"","context":"Similar post","block_context":{"text":"Similar post","link":""},"img":{"alt_text":"Sevilla recorder class 2016 banner","src":"https:\/\/i0.wp.com\/flautadepico.consev.es\/wp-content\/uploads\/2014\/06\/Sevilla-recorder-class-2016-banner.jpg?fit=1000%2C288&ssl=1&resize=350%2C200","width":350,"height":200,"srcset":"https:\/\/i0.wp.com\/flautadepico.consev.es\/wp-content\/uploads\/2014\/06\/Sevilla-recorder-class-2016-banner.jpg?fit=1000%2C288&ssl=1&resize=350%2C200 1x, https:\/\/i0.wp.com\/flautadepico.consev.es\/wp-content\/uploads\/2014\/06\/Sevilla-recorder-class-2016-banner.jpg?fit=1000%2C288&ssl=1&resize=525%2C300 1.5x, https:\/\/i0.wp.com\/flautadepico.consev.es\/wp-content\/uploads\/2014\/06\/Sevilla-recorder-class-2016-banner.jpg?fit=1000%2C288&ssl=1&resize=700%2C400 2x"},"classes":[]},{"id":2386,"url":"https:\/\/flautadepico.consev.es\/en\/calendar\/","url_meta":{"origin":2391,"position":5},"title":"Calendar","author":"Vicente Parrilla","date":"17 de February de 2015","format":false,"excerpt":"Public performance dates & activities of the recorder class at CSMS.","rel":"","context":"Similar post","block_context":{"text":"Similar post","link":""},"img":{"alt_text":"","src":"https:\/\/i0.wp.com\/flautadepico.consev.es\/wp-content\/uploads\/2011\/09\/04-header-basset-5396.jpg?fit=1000%2C288&ssl=1&resize=350%2C200","width":350,"height":200,"srcset":"https:\/\/i0.wp.com\/flautadepico.consev.es\/wp-content\/uploads\/2011\/09\/04-header-basset-5396.jpg?fit=1000%2C288&ssl=1&resize=350%2C200 1x, https:\/\/i0.wp.com\/flautadepico.consev.es\/wp-content\/uploads\/2011\/09\/04-header-basset-5396.jpg?fit=1000%2C288&ssl=1&resize=525%2C300 1.5x, https:\/\/i0.wp.com\/flautadepico.consev.es\/wp-content\/uploads\/2011\/09\/04-header-basset-5396.jpg?fit=1000%2C288&ssl=1&resize=700%2C400 2x"},"classes":[]}],"_links":{"self":[{"href":"https:\/\/flautadepico.consev.es\/en\/wp-json\/wp\/v2\/pages\/2391","targetHints":{"allow":["GET"]}}],"collection":[{"href":"https:\/\/flautadepico.consev.es\/en\/wp-json\/wp\/v2\/pages"}],"about":[{"href":"https:\/\/flautadepico.consev.es\/en\/wp-json\/wp\/v2\/types\/page"}],"author":[{"embeddable":true,"href":"https:\/\/flautadepico.consev.es\/en\/wp-json\/wp\/v2\/users\/13"}],"replies":[{"embeddable":true,"href":"https:\/\/flautadepico.consev.es\/en\/wp-json\/wp\/v2\/comments?post=2391"}],"version-history":[{"count":5,"href":"https:\/\/flautadepico.consev.es\/en\/wp-json\/wp\/v2\/pages\/2391\/revisions"}],"predecessor-version":[{"id":5018,"href":"https:\/\/flautadepico.consev.es\/en\/wp-json\/wp\/v2\/pages\/2391\/revisions\/5018"}],"wp:featuredmedia":[{"embeddable":true,"href":"https:\/\/flautadepico.consev.es\/en\/wp-json\/wp\/v2\/media\/4406"}],"wp:attachment":[{"href":"https:\/\/flautadepico.consev.es\/en\/wp-json\/wp\/v2\/media?parent=2391"}],"curies":[{"name":"wp","href":"https:\/\/api.w.org\/{rel}","templated":true}]}}