{"id":2414,"date":"2015-02-18T12:27:55","date_gmt":"2015-02-18T11:27:55","guid":{"rendered":"http:\/\/flautadepico.consev.es\/recorder-class-of-the-superior-conservatory-of-music-in-sevilla\/"},"modified":"2023-06-29T10:18:17","modified_gmt":"2023-06-29T08:18:17","slug":"recorder-class-of-the-superior-conservatory-of-music-in-sevilla","status":"publish","type":"page","link":"https:\/\/flautadepico.consev.es\/en\/","title":{"rendered":"Recorder Class of the Superior Conservatory of Music in Sevilla"},"content":{"rendered":"<h2><a href=\"\/?page_id=2390\">Recorder Class<\/a> of the <a href=\"http:\/\/consev.es\">Superior Conservatory of Music in Sevilla<\/a> (2004\u20132019) \u2014 Professor: <a href=\"http:\/\/vicenteparrilla.com\">Vicente Parrilla<\/a><\/h2>\n<p><em><small>This website documents the activities of the recorder class at the Conservatorio Superior de Sevilla between the years 2011\u20132019.<\/small><\/em><\/p>\n<h4> With <a href=\"\/?page_id=2391\">7 thematic public student concerts<\/a> during the academic year (plus the final, individual recitals in June) in which we publicly perform, on a monthly basis, a repertoire from the Middle Ages to the present day \u2014including solo, chamber and <a href=\"\/?page_id=2389\">consort music<\/a>\u2014 the Superior Conservatory of Music in Sevilla\u2019s recorder class is <strong>one of the busiest learning environments around for recorder players<\/strong>, and this is one of the reasons for its continuous growth in recent years. <a href=\"https:\/\/flautadepico.consev.es\/en\/welcome\/\"><em>Read more<\/em><\/a> \u2192<\/h4>\n\n<div class=\"twitter-share\"><a href=\"https:\/\/twitter.com\/intent\/tweet?via=fpconsev\" class=\"twitter-share-button\">Tweet<\/a><\/div>\n","protected":false},"excerpt":{"rendered":"<p>Recorder Class of the Superior Conservatory of Music in Sevilla (2004\u20132019) \u2014 Professor: Vicente Parrilla This website documents the activities of the recorder class at the Conservatorio Superior de Sevilla between the years 2011\u20132019. With 7 thematic public student concerts &hellip; <a href=\"https:\/\/flautadepico.consev.es\/en\/\">Continue reading <span class=\"meta-nav\">&rarr;<\/span><\/a><\/p>\n","protected":false},"author":13,"featured_media":4402,"parent":0,"menu_order":0,"comment_status":"closed","ping_status":"open","template":"showcase.php","meta":{"jetpack_post_was_ever_published":false,"footnotes":""},"class_list":["post-2414","page","type-page","status-publish","has-post-thumbnail","hentry"],"jetpack_sharing_enabled":true,"jetpack_shortlink":"https:\/\/wp.me\/P21e89-CW","jetpack-related-posts":[{"id":2391,"url":"https:\/\/flautadepico.consev.es\/en\/schedule\/","url_meta":{"origin":2414,"position":0},"title":"Schedule","author":"Vicente Parrilla","date":"18 de February de 2015","format":false,"excerpt":"Academic course 2018-2019 schedule and planning details of the Superior Conservatory of Music in Sevilla\u2019s recorder class. 1. Program Students must elaborate a recital program including the list of works to be performed during the academic course, according to the subject\u2019s established criteria and requisites as specified on the recorder\u2026","rel":"","context":"Similar post","block_context":{"text":"Similar post","link":""},"img":{"alt_text":"","src":"https:\/\/i0.wp.com\/flautadepico.consev.es\/wp-content\/uploads\/2016\/04\/clase-flauta-de-pico-Sevilla-concert-banner.jpg?fit=1000%2C288&ssl=1&resize=350%2C200","width":350,"height":200,"srcset":"https:\/\/i0.wp.com\/flautadepico.consev.es\/wp-content\/uploads\/2016\/04\/clase-flauta-de-pico-Sevilla-concert-banner.jpg?fit=1000%2C288&ssl=1&resize=350%2C200 1x, https:\/\/i0.wp.com\/flautadepico.consev.es\/wp-content\/uploads\/2016\/04\/clase-flauta-de-pico-Sevilla-concert-banner.jpg?fit=1000%2C288&ssl=1&resize=525%2C300 1.5x, https:\/\/i0.wp.com\/flautadepico.consev.es\/wp-content\/uploads\/2016\/04\/clase-flauta-de-pico-Sevilla-concert-banner.jpg?fit=1000%2C288&ssl=1&resize=700%2C400 2x"},"classes":[]},{"id":2418,"url":"https:\/\/flautadepico.consev.es\/en\/bibliography\/","url_meta":{"origin":2414,"position":1},"title":"Bibliography","author":"Vicente Parrilla","date":"26 de November de 2011","format":false,"excerpt":"A SHORT BIBLIOGRAPHY ON THE RECORDER Bibliography Repertory Modern monographs General overviews Books on specific periods Performance Ornamentation Recorder care & maintenance Treatises Technique Makers Recorder magazines Internet B. A short bibliography on historical improvisation Modern literature. Books: Articles Online articles 1. Most comprehensive (and annotated) bibliography on the recorder:\u2026","rel":"","context":"Similar post","block_context":{"text":"Similar post","link":""},"img":{"alt_text":"Algunos libros de Lasocki sobre la flauta de pico","src":"https:\/\/i0.wp.com\/flautadepico.consev.es\/wp-content\/uploads\/2014\/05\/Some-Lasocki-books-on-the-recorder.jpg?fit=1200%2C900&ssl=1&resize=350%2C200","width":350,"height":200,"srcset":"https:\/\/i0.wp.com\/flautadepico.consev.es\/wp-content\/uploads\/2014\/05\/Some-Lasocki-books-on-the-recorder.jpg?fit=1200%2C900&ssl=1&resize=350%2C200 1x, https:\/\/i0.wp.com\/flautadepico.consev.es\/wp-content\/uploads\/2014\/05\/Some-Lasocki-books-on-the-recorder.jpg?fit=1200%2C900&ssl=1&resize=525%2C300 1.5x, https:\/\/i0.wp.com\/flautadepico.consev.es\/wp-content\/uploads\/2014\/05\/Some-Lasocki-books-on-the-recorder.jpg?fit=1200%2C900&ssl=1&resize=700%2C400 2x, https:\/\/i0.wp.com\/flautadepico.consev.es\/wp-content\/uploads\/2014\/05\/Some-Lasocki-books-on-the-recorder.jpg?fit=1200%2C900&ssl=1&resize=1050%2C600 3x"},"classes":[]},{"id":99,"url":"https:\/\/flautadepico.consev.es\/bibliografia\/","url_meta":{"origin":2414,"position":2},"title":"Bibliograf\u00eda","author":"Vicente Parrilla","date":"26 de November de 2011","format":false,"excerpt":"A. Bibliograf\u00eda b\u00e1sica sobre la flauta de pico Bibliograf\u00eda Repertorio Monogr\u00e1ficos modernos Generales Especializados por \u00e9pocas Interpretaci\u00f3n Ornamentaci\u00f3n Mantenimiento de la flauta Tratados antiguos T\u00e9cnica Constructores Revistas Internet B. Bibliograf\u00eda b\u00e1sica sobre improvisaci\u00f3n hist\u00f3rica Monogr\u00e1ficos modernos. Libros Art\u00edculos Art\u00edculos en l\u00ednea 1. Bibliograf\u00eda (casi) completa y comentada: Griscom, R. &\u2026","rel":"","context":"Similar post","block_context":{"text":"Similar post","link":""},"img":{"alt_text":"Algunos libros de Lasocki sobre la flauta de pico","src":"https:\/\/i0.wp.com\/flautadepico.consev.es\/wp-content\/uploads\/2014\/05\/Some-Lasocki-books-on-the-recorder.jpg?fit=1200%2C900&ssl=1&resize=350%2C200","width":350,"height":200,"srcset":"https:\/\/i0.wp.com\/flautadepico.consev.es\/wp-content\/uploads\/2014\/05\/Some-Lasocki-books-on-the-recorder.jpg?fit=1200%2C900&ssl=1&resize=350%2C200 1x, https:\/\/i0.wp.com\/flautadepico.consev.es\/wp-content\/uploads\/2014\/05\/Some-Lasocki-books-on-the-recorder.jpg?fit=1200%2C900&ssl=1&resize=525%2C300 1.5x, https:\/\/i0.wp.com\/flautadepico.consev.es\/wp-content\/uploads\/2014\/05\/Some-Lasocki-books-on-the-recorder.jpg?fit=1200%2C900&ssl=1&resize=700%2C400 2x, https:\/\/i0.wp.com\/flautadepico.consev.es\/wp-content\/uploads\/2014\/05\/Some-Lasocki-books-on-the-recorder.jpg?fit=1200%2C900&ssl=1&resize=1050%2C600 3x"},"classes":[]},{"id":1762,"url":"https:\/\/flautadepico.consev.es\/inicio\/","url_meta":{"origin":2414,"position":3},"title":"Clase de flauta de pico del Conservatorio Superior de Sevilla","author":"Vicente Parrilla","date":"24 de June de 2014","format":false,"excerpt":"Clase de flauta de pico del Conservatorio Superior de M\u00fasica Manuel Castillo de Sevilla (2004\u20132019) \u2014 Profesor: Vicente Parrilla Esta p\u00e1gina web documenta las actividades de la clase de flauta de pico del Conservatorio Superior de Sevilla entre los a\u00f1os 2011\u20132019. Con 7 audiciones tem\u00e1ticas a lo largo del curso\u2026","rel":"","context":"Similar post","block_context":{"text":"Similar post","link":""},"img":{"alt_text":"Sevilla recorder class 2016 banner","src":"https:\/\/i0.wp.com\/flautadepico.consev.es\/wp-content\/uploads\/2014\/06\/Sevilla-recorder-class-2016-banner.jpg?fit=1000%2C288&ssl=1&resize=350%2C200","width":350,"height":200,"srcset":"https:\/\/i0.wp.com\/flautadepico.consev.es\/wp-content\/uploads\/2014\/06\/Sevilla-recorder-class-2016-banner.jpg?fit=1000%2C288&ssl=1&resize=350%2C200 1x, https:\/\/i0.wp.com\/flautadepico.consev.es\/wp-content\/uploads\/2014\/06\/Sevilla-recorder-class-2016-banner.jpg?fit=1000%2C288&ssl=1&resize=525%2C300 1.5x, https:\/\/i0.wp.com\/flautadepico.consev.es\/wp-content\/uploads\/2014\/06\/Sevilla-recorder-class-2016-banner.jpg?fit=1000%2C288&ssl=1&resize=700%2C400 2x"},"classes":[]},{"id":2389,"url":"https:\/\/flautadepico.consev.es\/en\/consort\/","url_meta":{"origin":2414,"position":4},"title":"Consort","author":"Vicente Parrilla","date":"17 de February de 2015","format":false,"excerpt":"Note: this page is to be updated. 1. Suggested ensemble repertoire for the next recorder class concert taking place on March 3, 2012 (contemporary music): Joan Albert Amarg\u00f3s (*1950): Sonata de Primavera (1990) Frans Geysen (*1936): Installaties (1983) 2. Suggested repertoire for the next recorder class concert taking place on\u2026","rel":"","context":"Similar post","block_context":{"text":"Similar post","link":""},"img":{"alt_text":"Alejandra F. Sanz","src":"https:\/\/i0.wp.com\/flautadepico.consev.es\/wp-content\/uploads\/2012\/10\/Sevilla-recorder-class-consort.jpg?fit=1000%2C288&ssl=1&resize=350%2C200","width":350,"height":200,"srcset":"https:\/\/i0.wp.com\/flautadepico.consev.es\/wp-content\/uploads\/2012\/10\/Sevilla-recorder-class-consort.jpg?fit=1000%2C288&ssl=1&resize=350%2C200 1x, https:\/\/i0.wp.com\/flautadepico.consev.es\/wp-content\/uploads\/2012\/10\/Sevilla-recorder-class-consort.jpg?fit=1000%2C288&ssl=1&resize=525%2C300 1.5x, https:\/\/i0.wp.com\/flautadepico.consev.es\/wp-content\/uploads\/2012\/10\/Sevilla-recorder-class-consort.jpg?fit=1000%2C288&ssl=1&resize=700%2C400 2x"},"classes":[]},{"id":2386,"url":"https:\/\/flautadepico.consev.es\/en\/calendar\/","url_meta":{"origin":2414,"position":5},"title":"Calendar","author":"Vicente Parrilla","date":"17 de February de 2015","format":false,"excerpt":"Public performance dates & activities of the recorder class at CSMS.","rel":"","context":"Similar post","block_context":{"text":"Similar post","link":""},"img":{"alt_text":"","src":"https:\/\/i0.wp.com\/flautadepico.consev.es\/wp-content\/uploads\/2011\/09\/04-header-basset-5396.jpg?fit=1000%2C288&ssl=1&resize=350%2C200","width":350,"height":200,"srcset":"https:\/\/i0.wp.com\/flautadepico.consev.es\/wp-content\/uploads\/2011\/09\/04-header-basset-5396.jpg?fit=1000%2C288&ssl=1&resize=350%2C200 1x, https:\/\/i0.wp.com\/flautadepico.consev.es\/wp-content\/uploads\/2011\/09\/04-header-basset-5396.jpg?fit=1000%2C288&ssl=1&resize=525%2C300 1.5x, https:\/\/i0.wp.com\/flautadepico.consev.es\/wp-content\/uploads\/2011\/09\/04-header-basset-5396.jpg?fit=1000%2C288&ssl=1&resize=700%2C400 2x"},"classes":[]}],"_links":{"self":[{"href":"https:\/\/flautadepico.consev.es\/en\/wp-json\/wp\/v2\/pages\/2414","targetHints":{"allow":["GET"]}}],"collection":[{"href":"https:\/\/flautadepico.consev.es\/en\/wp-json\/wp\/v2\/pages"}],"about":[{"href":"https:\/\/flautadepico.consev.es\/en\/wp-json\/wp\/v2\/types\/page"}],"author":[{"embeddable":true,"href":"https:\/\/flautadepico.consev.es\/en\/wp-json\/wp\/v2\/users\/13"}],"replies":[{"embeddable":true,"href":"https:\/\/flautadepico.consev.es\/en\/wp-json\/wp\/v2\/comments?post=2414"}],"version-history":[{"count":7,"href":"https:\/\/flautadepico.consev.es\/en\/wp-json\/wp\/v2\/pages\/2414\/revisions"}],"predecessor-version":[{"id":5030,"href":"https:\/\/flautadepico.consev.es\/en\/wp-json\/wp\/v2\/pages\/2414\/revisions\/5030"}],"wp:featuredmedia":[{"embeddable":true,"href":"https:\/\/flautadepico.consev.es\/en\/wp-json\/wp\/v2\/media\/4402"}],"wp:attachment":[{"href":"https:\/\/flautadepico.consev.es\/en\/wp-json\/wp\/v2\/media?parent=2414"}],"curies":[{"name":"wp","href":"https:\/\/api.w.org\/{rel}","templated":true}]}}